{"id":20389,"date":"2025-09-12T07:46:17","date_gmt":"2025-09-12T07:46:17","guid":{"rendered":"https:\/\/www.vincervalve.com\/?page_id=20389"},"modified":"2025-09-16T08:09:17","modified_gmt":"2025-09-16T08:09:17","slug":"news","status":"publish","type":"page","link":"https:\/\/www.vincervalve.com\/fi\/news\/","title":{"rendered":"Yrityksen uutiset"},"content":{"rendered":"<div data-elementor-type=\"wp-page\" data-elementor-id=\"20389\" class=\"elementor elementor-20389\" data-elementor-post-type=\"page\">\n\t\t\t\t<div class=\"elementor-element elementor-element-b218a07 e-flex e-con-boxed e-con e-parent\" data-id=\"b218a07\" data-element_type=\"container\" data-settings=\"{&quot;background_background&quot;:&quot;classic&quot;}\">\n\t\t\t\t\t<div class=\"e-con-inner\">\n\t\t\t\t<div class=\"elementor-element elementor-element-b0c3b41 elementor-widget elementor-widget-heading\" data-id=\"b0c3b41\" data-element_type=\"widget\" data-widget_type=\"heading.default\">\n\t\t\t\t<div class=\"elementor-widget-container\">\n\t\t\t\t\t<h2 class=\"elementor-heading-title elementor-size-default\">Uutiset<\/h2>\t\t\t\t<\/div>\n\t\t\t\t<\/div>\n\t\t\t\t<div class=\"elementor-element elementor-element-4742ec7 elementor-widget elementor-widget-text-editor\" data-id=\"4742ec7\" data-element_type=\"widget\" data-widget_type=\"text-editor.default\">\n\t\t\t\t<div class=\"elementor-widget-container\">\n\t\t\t\t\t\t\t\t\t<div data-page-id=\"SKHdd2vDkoZIItx6iBIcgidtnbf\" data-lark-html-role=\"root\" data-docx-has-block-data=\"false\"><div class=\"ace-line ace-line old-record-id-A1zAdYveaoDtJCxF124cvfT4n5f\"><div data-page-id=\"SKHdd2vDkoZIItx6iBIcgidtnbf\" data-lark-html-role=\"root\" data-docx-has-block-data=\"false\"><div class=\"ace-line ace-line old-record-id-A1zAdYveaoDtJCxF124cvfT4n5f\">Saat uusimmat tiedot ja p\u00e4ivitykset VINCERin edistymisest\u00e4 ja tulevista tapahtumista.<\/div><\/div><\/div><\/div>\t\t\t\t\t\t\t\t<\/div>\n\t\t\t\t<\/div>\n\t\t\t\t\t<\/div>\n\t\t\t\t<\/div>\n\t\t<div class=\"elementor-element elementor-element-7e01654 e-flex e-con-boxed e-con e-parent\" data-id=\"7e01654\" data-element_type=\"container\">\n\t\t\t\t\t<div class=\"e-con-inner\">\n\t\t\t\t<div class=\"elementor-element elementor-element-4b2108b elementor-hidden-desktop elementor-hidden-tablet elementor-hidden-mobile elementor-widget elementor-widget-pp-breadcrumbs\" data-id=\"4b2108b\" data-element_type=\"widget\" data-settings=\"{&quot;breadcrumbs_type&quot;:&quot;powerpack&quot;}\" data-widget_type=\"pp-breadcrumbs.default\">\n\t\t\t\t<div class=\"elementor-widget-container\">\n\t\t\t\t\t<ul class=\"pp-breadcrumbs pp-breadcrumbs-powerpack\">\t\t<li class=\"pp-breadcrumbs-item pp-breadcrumbs-item-home\">\n\t\t\t<a class=\"pp-breadcrumbs-crumb pp-breadcrumbs-crumb-link pp-breadcrumbs-crumb-home\" href=\"https:\/\/www.vincervalve.com\/fi\" title=\"Etusivu\">\n\t\t\t\t<span class=\"pp-breadcrumbs-text\">\n\t\t\t\t\t\t\t\t\t\tEtusivu\t\t\t\t<\/span>\n\t\t\t<\/a>\n\t\t<\/li>\n\t\t<li class=\"pp-breadcrumbs-separator\">\t\t\t\t<span class='pp-separator-icon pp-icon'>\n\t\t\t\t\t<svg aria-hidden=\"true\" class=\"e-font-icon-svg e-fas-angle-right\" viewbox=\"0 0 256 512\" xmlns=\"http:\/\/www.w3.org\/2000\/svg\"><path d=\"M224.3 273l-136 136c-9.4 9.4-24.6 9.4-33.9 0l-22.6-22.6c-9.4-9.4-9.4-24.6 0-33.9l96.4-96.4-96.4-96.4c-9.4-9.4-9.4-24.6 0-33.9L54.3 103c9.4-9.4 24.6-9.4 33.9 0l136 136c9.5 9.4 9.5 24.6.1 34z\"><\/path><\/svg>\t\t\t\t<\/span>\n\t\t\t\t<\/li><\/ul>\t\t\t\t<\/div>\n\t\t\t\t<\/div>\n\t\t\t\t<div class=\"elementor-element elementor-element-a68f038 elementor-widget elementor-widget-breadcrumbs\" data-id=\"a68f038\" data-element_type=\"widget\" data-widget_type=\"breadcrumbs.default\">\n\t\t\t\t<div class=\"elementor-widget-container\">\n\t\t\t\t\t<p id=\"breadcrumbs\"><span><span><a href=\"https:\/\/www.vincervalve.com\/fi\/\">Etusivu<\/a><\/span><\/span><\/p>\t\t\t\t<\/div>\n\t\t\t\t<\/div>\n\t\t\t\t\t<\/div>\n\t\t\t\t<\/div>\n\t\t<div class=\"elementor-element elementor-element-7f7d995 e-flex e-con-boxed e-con e-parent\" data-id=\"7f7d995\" data-element_type=\"container\">\n\t\t\t\t\t<div class=\"e-con-inner\">\n\t\t\t\t<div class=\"elementor-element elementor-element-fff95cf elementor-grid-tablet-1 pp-posts-thumbnail-ratio elementor-grid-2 elementor-grid-mobile-1 pp-posts-image-stack-mobile pp-post-thumbnail-align-left elementor-widget elementor-widget-pp-posts\" data-id=\"fff95cf\" data-element_type=\"widget\" data-settings=\"{&quot;news_columns_tablet&quot;:&quot;1&quot;,&quot;news_columns&quot;:&quot;2&quot;,&quot;news_columns_mobile&quot;:&quot;1&quot;}\" data-widget_type=\"pp-posts.news\">\n\t\t\t\t<div class=\"elementor-widget-container\">\n\t\t\t\t\t\t\t<div class=\"pp-posts-container\">\n\t\t\t\n\t\t\t\t\t\t\t\t\t\t\n\t\t\t<div class=\"pp-posts pp-posts-skin-news elementor-grid pp-posts-grid\" data-query-type=\"custom\" data-layout=\"grid\" data-page=\"20389\" data-skin=\"news\">\n\t\t\t\t\t\t\t\t\t\t\t<div class=\"pp-post-wrap pp-grid-item-wrap elementor-grid-item post-20600 new type-new status-publish has-post-thumbnail hentry new-categories-news\">\n\t\t\t\t\t\t<div class=\"pp-post pp-grid-item\">\n\t\t\t\t\t\t<div class=\"pp-post-thumbnail\">\n\t\t\t<a class=\"pp-post-thumbnail-wrap\" href=\"https:\/\/www.vincervalve.com\/fi\/hashtag-fam-knausgaard-dreamcatcher-banjo-6\/\" title=\"Hashtag fam knausgaard dreamcatcher banjo\">\n\t\t\t\t<img fetchpriority=\"high\" decoding=\"async\" width=\"1300\" height=\"900\" src=\"https:\/\/www.vincervalve.com\/wp-content\/uploads\/2025\/09\/\u7cbe\u5c0f\u578b\u7ec4\u56fe-\u767d5.jpg\" class=\"attachment-full size-full wp-image-20625\" alt=\"\" srcset=\"https:\/\/www.vincervalve.com\/wp-content\/uploads\/2025\/09\/\u7cbe\u5c0f\u578b\u7ec4\u56fe-\u767d5.jpg 1300w, https:\/\/www.vincervalve.com\/wp-content\/uploads\/2025\/09\/\u7cbe\u5c0f\u578b\u7ec4\u56fe-\u767d5-768x532.jpg 768w, https:\/\/www.vincervalve.com\/wp-content\/uploads\/2025\/09\/\u7cbe\u5c0f\u578b\u7ec4\u56fe-\u767d5-18x12.jpg 18w\" sizes=\"(max-width: 1300px) 100vw, 1300px\" \/>\t\t\t<\/a>\n\t\t<\/div>\n\t\t\t\t\t\t<div class=\"pp-post-content\">\n\t\t\t\t\t\t\t\t\t\t\t<h2 class=\"pp-post-title\">\n\t\t\t\t<a href=\"https:\/\/www.vincervalve.com\/fi\/hashtag-fam-knausgaard-dreamcatcher-banjo-6\/\">Hashtag fam knausgaard dreamcatcher banjo<\/a>\t\t\t<\/h2>\n\t\t\t\t\t\t\t\t\t<div class=\"pp-post-meta\">\n\t\t\t\t\t\t\t\t<span class=\"pp-post-date\">\n\t\t\t\t\t\t<span class=\"pp-meta-text\">\n\t\t\t\t15 syyskuun, 2025\t\t\t<\/span>\n\t\t<\/span>\n\t\t<span class=\"pp-meta-separator\"><\/span>\n\t\t\t\t\t\t\t<\/div>\n\t\t\t\t\t\t\t<\/div>\n\t\t\t<\/div>\n\t\t\t\t\t<\/div>\n\t\t\t\t\t\t\t\t\t<\/div>\n\t\t\t\n\t\t\t\n\t\t\t\n\t\t\t\n\t\t\t\t\t\t\t\t\t\t\t<div class=\"pp-posts-pagination-wrap pp-posts-pagination-bottom\">\n\t\t\t\t\t\t\t\t\t<\/div>\n\t\t\t\t\t\t\t\t\t<\/div>\n\n\t\t\n\t\t\t\t\t\t<\/div>\n\t\t\t\t<\/div>\n\t\t\t\t\t<\/div>\n\t\t\t\t<\/div>\n\t\t\t\t<\/div>","protected":false},"excerpt":{"rendered":"<p>Uutiset Saat viimeisimm\u00e4t tiedot ja p\u00e4ivitykset VINCERin edistymisest\u00e4 ja tulevista tapahtumista. Etusivu Hashtag fam knausgaard dreamcatcher banjo 15 9 \u6708, 2025 Hashtag fam knausgaard dreamcatcher banjo 15 9 [...]<\/p>","protected":false},"author":1,"featured_media":0,"parent":0,"menu_order":0,"comment_status":"closed","ping_status":"closed","template":"","meta":{"_acf_changed":false,"site-sidebar-layout":"no-sidebar","site-content-layout":"page-builder","ast-site-content-layout":"full-width-container","site-content-style":"default","site-sidebar-style":"default","ast-global-header-display":"","ast-banner-title-visibility":"","ast-main-header-display":"","ast-hfb-above-header-display":"","ast-hfb-below-header-display":"","ast-hfb-mobile-header-display":"","site-post-title":"disabled","ast-breadcrumbs-content":"","ast-featured-img":"disabled","footer-sml-layout":"","ast-disable-related-posts":"","theme-transparent-header-meta":"","adv-header-id-meta":"","stick-header-meta":"","header-above-stick-meta":"","header-main-stick-meta":"","header-below-stick-meta":"","astra-migrate-meta-layouts":"default","ast-page-background-enabled":"default","ast-page-background-meta":{"desktop":{"background-color":"","background-image":"","background-repeat":"repeat","background-position":"center center","background-size":"auto","background-attachment":"scroll","background-type":"","background-media":"","overlay-type":"","overlay-color":"","overlay-opacity":"","overlay-gradient":""},"tablet":{"background-color":"","background-image":"","background-repeat":"repeat","background-position":"center center","background-size":"auto","background-attachment":"scroll","background-type":"","background-media":"","overlay-type":"","overlay-color":"","overlay-opacity":"","overlay-gradient":""},"mobile":{"background-color":"","background-image":"","background-repeat":"repeat","background-position":"center center","background-size":"auto","background-attachment":"scroll","background-type":"","background-media":"","overlay-type":"","overlay-color":"","overlay-opacity":"","overlay-gradient":""}},"ast-content-background-meta":{"desktop":{"background-color":"var(--ast-global-color-5)","background-image":"","background-repeat":"repeat","background-position":"center center","background-size":"auto","background-attachment":"scroll","background-type":"","background-media":"","overlay-type":"","overlay-color":"","overlay-opacity":"","overlay-gradient":""},"tablet":{"background-color":"var(--ast-global-color-5)","background-image":"","background-repeat":"repeat","background-position":"center center","background-size":"auto","background-attachment":"scroll","background-type":"","background-media":"","overlay-type":"","overlay-color":"","overlay-opacity":"","overlay-gradient":""},"mobile":{"background-color":"var(--ast-global-color-5)","background-image":"","background-repeat":"repeat","background-position":"center center","background-size":"auto","background-attachment":"scroll","background-type":"","background-media":"","overlay-type":"","overlay-color":"","overlay-opacity":"","overlay-gradient":""}},"footnotes":""},"categories":[],"tags":[],"class_list":["post-20389","page","type-page","status-publish","hentry"],"acf":[],"yoast_head":"<!-- This site is optimized with the Yoast SEO plugin v25.3.1 - https:\/\/yoast.com\/wordpress\/plugins\/seo\/ -->\n<title>Company News - VINCER Valve<\/title>\n<meta name=\"robots\" content=\"index, follow, max-snippet:-1, max-image-preview:large, max-video-preview:-1\" \/>\n<link rel=\"canonical\" href=\"https:\/\/www.vincervalve.com\/fi\/news\/\" \/>\n<meta property=\"og:locale\" content=\"fi_FI\" \/>\n<meta property=\"og:type\" content=\"article\" \/>\n<meta property=\"og:title\" content=\"Company News - VINCER Valve\" \/>\n<meta property=\"og:description\" content=\"News Get the latest insights and updates on VINCER\u2019s advancements and upcoming events. Home Hashtag fam knausgaard dreamcatcher banjo 15 9 \u6708, 2025 Hashtag fam knausgaard dreamcatcher banjo 15 9 [&hellip;]\" \/>\n<meta property=\"og:url\" content=\"https:\/\/www.vincervalve.com\/fi\/news\/\" \/>\n<meta property=\"og:site_name\" content=\"VINCER Valve\" \/>\n<meta property=\"article:modified_time\" content=\"2025-09-16T08:09:17+00:00\" \/>\n<meta property=\"og:image\" content=\"https:\/\/www.vincervalve.com\/wp-content\/uploads\/2025\/09\/certification.webp\" \/>\n\t<meta property=\"og:image:width\" content=\"650\" \/>\n\t<meta property=\"og:image:height\" content=\"450\" \/>\n\t<meta property=\"og:image:type\" content=\"image\/webp\" \/>\n<meta name=\"twitter:card\" content=\"summary_large_image\" \/>\n<meta name=\"twitter:label1\" content=\"Arvioitu lukuaika\" \/>\n\t<meta name=\"twitter:data1\" content=\"2 minuuttia\" \/>\n<script type=\"application\/ld+json\" class=\"yoast-schema-graph\">{\"@context\":\"https:\/\/schema.org\",\"@graph\":[{\"@type\":\"WebPage\",\"@id\":\"https:\/\/www.vincervalve.com\/news\/\",\"url\":\"https:\/\/www.vincervalve.com\/news\/\",\"name\":\"Company News - VINCER Valve\",\"isPartOf\":{\"@id\":\"https:\/\/www.vincervalve.com\/#website\"},\"primaryImageOfPage\":{\"@id\":\"https:\/\/www.vincervalve.com\/news\/#primaryimage\"},\"image\":{\"@id\":\"https:\/\/www.vincervalve.com\/news\/#primaryimage\"},\"thumbnailUrl\":\"https:\/\/www.vincervalve.com\/wp-content\/uploads\/2025\/09\/certification.webp\",\"datePublished\":\"2025-09-12T07:46:17+00:00\",\"dateModified\":\"2025-09-16T08:09:17+00:00\",\"breadcrumb\":{\"@id\":\"https:\/\/www.vincervalve.com\/news\/#breadcrumb\"},\"inLanguage\":\"fi\",\"potentialAction\":[{\"@type\":\"ReadAction\",\"target\":[\"https:\/\/www.vincervalve.com\/news\/\"]}]},{\"@type\":\"ImageObject\",\"inLanguage\":\"fi\",\"@id\":\"https:\/\/www.vincervalve.com\/news\/#primaryimage\",\"url\":\"https:\/\/www.vincervalve.com\/wp-content\/uploads\/2025\/09\/certification.webp\",\"contentUrl\":\"https:\/\/www.vincervalve.com\/wp-content\/uploads\/2025\/09\/certification.webp\"},{\"@type\":\"BreadcrumbList\",\"@id\":\"https:\/\/www.vincervalve.com\/news\/#breadcrumb\",\"itemListElement\":[{\"@type\":\"ListItem\",\"position\":1,\"name\":\"Home\",\"item\":\"https:\/\/www.vincervalve.com\/\"},{\"@type\":\"ListItem\",\"position\":2,\"name\":\"Company News\"}]},{\"@type\":\"WebSite\",\"@id\":\"https:\/\/www.vincervalve.com\/#website\",\"url\":\"https:\/\/www.vincervalve.com\/\",\"name\":\"VINCER Valve\",\"description\":\"\",\"publisher\":{\"@id\":\"https:\/\/www.vincervalve.com\/#organization\"},\"potentialAction\":[{\"@type\":\"SearchAction\",\"target\":{\"@type\":\"EntryPoint\",\"urlTemplate\":\"https:\/\/www.vincervalve.com\/?s={search_term_string}\"},\"query-input\":{\"@type\":\"PropertyValueSpecification\",\"valueRequired\":true,\"valueName\":\"search_term_string\"}}],\"inLanguage\":\"fi\"},{\"@type\":\"Organization\",\"@id\":\"https:\/\/www.vincervalve.com\/#organization\",\"name\":\"VINCER Valve\",\"url\":\"https:\/\/www.vincervalve.com\/\",\"logo\":{\"@type\":\"ImageObject\",\"inLanguage\":\"fi\",\"@id\":\"https:\/\/www.vincervalve.com\/#\/schema\/logo\/image\/\",\"url\":\"https:\/\/www.vincervalve.com\/wp-content\/uploads\/2025\/07\/cropped-\u65b0\u7248\u84ddlogo-\u5f85\u786e\u8ba43.png\",\"contentUrl\":\"https:\/\/www.vincervalve.com\/wp-content\/uploads\/2025\/07\/cropped-\u65b0\u7248\u84ddlogo-\u5f85\u786e\u8ba43.png\",\"width\":1160,\"height\":270,\"caption\":\"VINCER Valve\"},\"image\":{\"@id\":\"https:\/\/www.vincervalve.com\/#\/schema\/logo\/image\/\"}}]}<\/script>\n<!-- \/ Yoast SEO plugin. -->","yoast_head_json":{"title":"Company News - VINCER Valve","robots":{"index":"index","follow":"follow","max-snippet":"max-snippet:-1","max-image-preview":"max-image-preview:large","max-video-preview":"max-video-preview:-1"},"canonical":"https:\/\/www.vincervalve.com\/fi\/news\/","og_locale":"fi_FI","og_type":"article","og_title":"Company News - VINCER Valve","og_description":"News Get the latest insights and updates on VINCER\u2019s advancements and upcoming events. Home Hashtag fam knausgaard dreamcatcher banjo 15 9 \u6708, 2025 Hashtag fam knausgaard dreamcatcher banjo 15 9 [&hellip;]","og_url":"https:\/\/www.vincervalve.com\/fi\/news\/","og_site_name":"VINCER Valve","article_modified_time":"2025-09-16T08:09:17+00:00","og_image":[{"width":650,"height":450,"url":"https:\/\/www.vincervalve.com\/wp-content\/uploads\/2025\/09\/certification.webp","type":"image\/webp"}],"twitter_card":"summary_large_image","twitter_misc":{"Arvioitu lukuaika":"2 minuuttia"},"schema":{"@context":"https:\/\/schema.org","@graph":[{"@type":"WebPage","@id":"https:\/\/www.vincervalve.com\/news\/","url":"https:\/\/www.vincervalve.com\/news\/","name":"Company News - VINCER Valve","isPartOf":{"@id":"https:\/\/www.vincervalve.com\/#website"},"primaryImageOfPage":{"@id":"https:\/\/www.vincervalve.com\/news\/#primaryimage"},"image":{"@id":"https:\/\/www.vincervalve.com\/news\/#primaryimage"},"thumbnailUrl":"https:\/\/www.vincervalve.com\/wp-content\/uploads\/2025\/09\/certification.webp","datePublished":"2025-09-12T07:46:17+00:00","dateModified":"2025-09-16T08:09:17+00:00","breadcrumb":{"@id":"https:\/\/www.vincervalve.com\/news\/#breadcrumb"},"inLanguage":"fi","potentialAction":[{"@type":"ReadAction","target":["https:\/\/www.vincervalve.com\/news\/"]}]},{"@type":"ImageObject","inLanguage":"fi","@id":"https:\/\/www.vincervalve.com\/news\/#primaryimage","url":"https:\/\/www.vincervalve.com\/wp-content\/uploads\/2025\/09\/certification.webp","contentUrl":"https:\/\/www.vincervalve.com\/wp-content\/uploads\/2025\/09\/certification.webp"},{"@type":"BreadcrumbList","@id":"https:\/\/www.vincervalve.com\/news\/#breadcrumb","itemListElement":[{"@type":"ListItem","position":1,"name":"Home","item":"https:\/\/www.vincervalve.com\/"},{"@type":"ListItem","position":2,"name":"Company News"}]},{"@type":"WebSite","@id":"https:\/\/www.vincervalve.com\/#website","url":"https:\/\/www.vincervalve.com\/","name":"VINCER Valve","description":"","publisher":{"@id":"https:\/\/www.vincervalve.com\/#organization"},"potentialAction":[{"@type":"SearchAction","target":{"@type":"EntryPoint","urlTemplate":"https:\/\/www.vincervalve.com\/?s={search_term_string}"},"query-input":{"@type":"PropertyValueSpecification","valueRequired":true,"valueName":"search_term_string"}}],"inLanguage":"fi"},{"@type":"Organization","@id":"https:\/\/www.vincervalve.com\/#organization","name":"VINCER Valve","url":"https:\/\/www.vincervalve.com\/","logo":{"@type":"ImageObject","inLanguage":"fi","@id":"https:\/\/www.vincervalve.com\/#\/schema\/logo\/image\/","url":"https:\/\/www.vincervalve.com\/wp-content\/uploads\/2025\/07\/cropped-\u65b0\u7248\u84ddlogo-\u5f85\u786e\u8ba43.png","contentUrl":"https:\/\/www.vincervalve.com\/wp-content\/uploads\/2025\/07\/cropped-\u65b0\u7248\u84ddlogo-\u5f85\u786e\u8ba43.png","width":1160,"height":270,"caption":"VINCER Valve"},"image":{"@id":"https:\/\/www.vincervalve.com\/#\/schema\/logo\/image\/"}}]}},"_links":{"self":[{"href":"https:\/\/www.vincervalve.com\/fi\/wp-json\/wp\/v2\/pages\/20389","targetHints":{"allow":["GET"]}}],"collection":[{"href":"https:\/\/www.vincervalve.com\/fi\/wp-json\/wp\/v2\/pages"}],"about":[{"href":"https:\/\/www.vincervalve.com\/fi\/wp-json\/wp\/v2\/types\/page"}],"author":[{"embeddable":true,"href":"https:\/\/www.vincervalve.com\/fi\/wp-json\/wp\/v2\/users\/1"}],"replies":[{"embeddable":true,"href":"https:\/\/www.vincervalve.com\/fi\/wp-json\/wp\/v2\/comments?post=20389"}],"version-history":[{"count":87,"href":"https:\/\/www.vincervalve.com\/fi\/wp-json\/wp\/v2\/pages\/20389\/revisions"}],"predecessor-version":[{"id":20641,"href":"https:\/\/www.vincervalve.com\/fi\/wp-json\/wp\/v2\/pages\/20389\/revisions\/20641"}],"wp:attachment":[{"href":"https:\/\/www.vincervalve.com\/fi\/wp-json\/wp\/v2\/media?parent=20389"}],"wp:term":[{"taxonomy":"category","embeddable":true,"href":"https:\/\/www.vincervalve.com\/fi\/wp-json\/wp\/v2\/categories?post=20389"},{"taxonomy":"post_tag","embeddable":true,"href":"https:\/\/www.vincervalve.com\/fi\/wp-json\/wp\/v2\/tags?post=20389"}],"curies":[{"name":"wp","href":"https:\/\/api.w.org\/{rel}","templated":true}]}}