{"id":15322,"date":"2024-06-18T03:04:38","date_gmt":"2024-06-18T03:04:38","guid":{"rendered":"https:\/\/www.vincervalve.com\/?page_id=15322"},"modified":"2026-01-21T09:39:24","modified_gmt":"2026-01-21T09:39:24","slug":"vincer-electric-actuated-3-piece-ball-valve","status":"publish","type":"page","link":"https:\/\/www.vincervalve.com\/fi\/electric-actuated-3-piece-ball-valve\/","title":{"rendered":"S\u00e4hk\u00f6k\u00e4ytt\u00f6inen 3-osainen palloventtiili"},"content":{"rendered":"<div data-elementor-type=\"wp-page\" data-elementor-id=\"15322\" class=\"elementor elementor-15322\" data-elementor-post-type=\"page\">\n\t\t\t\t<div class=\"elementor-element elementor-element-1e14a6a e-flex e-con-boxed e-con e-parent\" data-id=\"1e14a6a\" data-element_type=\"container\" data-settings=\"{&quot;background_background&quot;:&quot;classic&quot;}\">\n\t\t\t\t\t<div class=\"e-con-inner\">\n\t\t\t\t<div class=\"elementor-element elementor-element-385bafd elementor-widget elementor-widget-heading\" data-id=\"385bafd\" data-element_type=\"widget\" data-widget_type=\"heading.default\">\n\t\t\t\t<div class=\"elementor-widget-container\">\n\t\t\t\t\t<h1 class=\"elementor-heading-title elementor-size-default\">S\u00e4hk\u00f6k\u00e4ytt\u00f6inen 3-osainen palloventtiili<\/h1>\t\t\t\t<\/div>\n\t\t\t\t<\/div>\n\t\t\t\t<div class=\"elementor-element elementor-element-79027e2 elementor-widget__width-initial elementor-widget elementor-widget-text-editor\" data-id=\"79027e2\" data-element_type=\"widget\" data-widget_type=\"text-editor.default\">\n\t\t\t\t<div class=\"elementor-widget-container\">\n\t\t\t\t\t\t\t\t\t<p>Saavuta tarkka nesteen s\u00e4\u00e4t\u00f6 VINCERin avulla. <strong>S\u00e4hk\u00f6k\u00e4ytt\u00f6inen 3-osainen palloventtiili<\/strong> sarja. Suunniteltu korkean suorituskyvyn <strong>teolliset sovellukset<\/strong>, t\u00e4m\u00e4 sarja maksimoi tehokkuuden ja v\u00e4hent\u00e4\u00e4 k\u00e4ytt\u00f6kustannuksia.<\/p>\t\t\t\t\t\t\t\t<\/div>\n\t\t\t\t<\/div>\n\t\t\t\t<div class=\"elementor-element elementor-element-205bd27 elementor-widget elementor-widget-heading\" data-id=\"205bd27\" data-element_type=\"widget\" data-widget_type=\"heading.default\">\n\t\t\t\t<div class=\"elementor-widget-container\">\n\t\t\t\t\t<h3 class=\"elementor-heading-title elementor-size-default\">Kohokohdat<\/h3>\t\t\t\t<\/div>\n\t\t\t\t<\/div>\n\t\t\t\t<div class=\"elementor-element elementor-element-814b5b3 elementor-widget__width-initial elementor-widget elementor-widget-text-editor\" data-id=\"814b5b3\" data-element_type=\"widget\" data-widget_type=\"text-editor.default\">\n\t\t\t\t<div class=\"elementor-widget-container\">\n\t\t\t\t\t\t\t\t\t<strong>Tarkka ohjaus:<\/strong> Tarkka virtauksen s\u00e4\u00e4t\u00f6 j\u00e4tteen minimoimiseksi ja suorituskyvyn optimoimiseksi.\n<br><strong>Kauko-ohjaus:<\/strong> Saumaton automaatio turvallista hallintaa varten vaarallisilla tai vaikeap\u00e4\u00e4syisill\u00e4 alueilla.\n<br><strong>3-osainen etu:<\/strong> Vankka rakenne, joka tarjoaa erinomaisen luotettavuuden ja yksinkertaisen huollon.\t\t\t\t\t\t\t\t<\/div>\n\t\t\t\t<\/div>\n\t\t\t\t<div class=\"elementor-element elementor-element-1498c47 animated-slow elementor-invisible elementor-widget elementor-widget-button\" data-id=\"1498c47\" data-element_type=\"widget\" data-settings=\"{&quot;_animation&quot;:&quot;fadeInDown&quot;}\" data-widget_type=\"button.default\">\n\t\t\t\t<div class=\"elementor-widget-container\">\n\t\t\t\t\t\t\t\t\t<div class=\"elementor-button-wrapper\">\n\t\t\t\t\t<a class=\"elementor-button elementor-button-link elementor-size-sm\" href=\"#elementor-action%3Aaction%3Dpopup%3Aopen%26settings%3DeyJpZCI6IjE4Njg4IiwidG9nZ2xlIjpmYWxzZX0%3D\">\n\t\t\t\t\t\t<span class=\"elementor-button-content-wrapper\">\n\t\t\t\t\t\t\t\t\t<span class=\"elementor-button-text\">Ota yhteytt\u00e4<\/span>\n\t\t\t\t\t<\/span>\n\t\t\t\t\t<\/a>\n\t\t\t\t<\/div>\n\t\t\t\t\t\t\t\t<\/div>\n\t\t\t\t<\/div>\n\t\t\t\t\t<\/div>\n\t\t\t\t<\/div>\n\t\t<div class=\"elementor-element elementor-element-0dd0e7a e-flex e-con-boxed e-con e-parent\" data-id=\"0dd0e7a\" data-element_type=\"container\">\n\t\t\t\t\t<div class=\"e-con-inner\">\n\t\t\t\t<div class=\"elementor-element elementor-element-c41652d elementor-widget elementor-widget-pp-breadcrumbs\" data-id=\"c41652d\" data-element_type=\"widget\" data-settings=\"{&quot;breadcrumbs_type&quot;:&quot;powerpack&quot;}\" data-widget_type=\"pp-breadcrumbs.default\">\n\t\t\t\t<div class=\"elementor-widget-container\">\n\t\t\t\t\t<ul class=\"pp-breadcrumbs pp-breadcrumbs-powerpack\">\t\t<li class=\"pp-breadcrumbs-item pp-breadcrumbs-item-home\">\n\t\t\t<a class=\"pp-breadcrumbs-crumb pp-breadcrumbs-crumb-link pp-breadcrumbs-crumb-home\" href=\"https:\/\/www.vincervalve.com\/fi\" title=\"Etusivu\">\n\t\t\t\t<span class=\"pp-breadcrumbs-text\">\n\t\t\t\t\t\t\t\t\t\tEtusivu\t\t\t\t<\/span>\n\t\t\t<\/a>\n\t\t<\/li>\n\t\t<li class=\"pp-breadcrumbs-separator\">\t\t\t\t<span class='pp-separator-icon pp-icon'>\n\t\t\t\t\t<svg aria-hidden=\"true\" class=\"e-font-icon-svg e-fas-angle-right\" viewbox=\"0 0 256 512\" xmlns=\"http:\/\/www.w3.org\/2000\/svg\"><path d=\"M224.3 273l-136 136c-9.4 9.4-24.6 9.4-33.9 0l-22.6-22.6c-9.4-9.4-9.4-24.6 0-33.9l96.4-96.4-96.4-96.4c-9.4-9.4-9.4-24.6 0-33.9L54.3 103c9.4-9.4 24.6-9.4 33.9 0l136 136c9.5 9.4 9.5 24.6.1 34z\"><\/path><\/svg>\t\t\t\t<\/span>\n\t\t\t\t<\/li><\/ul>\t\t\t\t<\/div>\n\t\t\t\t<\/div>\n\t\t\t\t\t<\/div>\n\t\t\t\t<\/div>\n\t\t<div class=\"elementor-element elementor-element-faa1d24 e-flex e-con-boxed e-con e-parent\" data-id=\"faa1d24\" data-element_type=\"container\">\n\t\t\t\t\t<div class=\"e-con-inner\">\n\t\t<div class=\"elementor-element elementor-element-f41a462 e-con-full e-flex e-con e-child\" data-id=\"f41a462\" data-element_type=\"container\">\n\t\t<div class=\"elementor-element elementor-element-3e30506 e-grid e-con-full e-con e-child\" data-id=\"3e30506\" data-element_type=\"container\">\n\t\t<div class=\"elementor-element elementor-element-5bf9a72 e-con-full e-flex e-con e-child\" data-id=\"5bf9a72\" data-element_type=\"container\" data-settings=\"{&quot;background_background&quot;:&quot;classic&quot;}\">\n\t\t\t\t<div class=\"elementor-element elementor-element-5300ca6 elementor-widget elementor-widget-counter\" data-id=\"5300ca6\" data-element_type=\"widget\" data-widget_type=\"counter.default\">\n\t\t\t\t<div class=\"elementor-widget-container\">\n\t\t\t\t\t\t\t<div class=\"elementor-counter\">\n\t\t\t<div class=\"elementor-counter-title\">Tuotantolinja<\/div>\t\t\t<div class=\"elementor-counter-number-wrapper\">\n\t\t\t\t<span class=\"elementor-counter-number-prefix\"><\/span>\n\t\t\t\t<span class=\"elementor-counter-number\" data-duration=\"2000\" data-to-value=\"4\" data-from-value=\"0\" data-delimiter=\",\">0<\/span>\n\t\t\t\t<span class=\"elementor-counter-number-suffix\"><\/span>\n\t\t\t<\/div>\n\t\t<\/div>\n\t\t\t\t\t\t<\/div>\n\t\t\t\t<\/div>\n\t\t\t\t<\/div>\n\t\t<div class=\"elementor-element elementor-element-226be25 e-con-full e-flex e-con e-child\" data-id=\"226be25\" data-element_type=\"container\">\n\t\t\t\t<div class=\"elementor-element elementor-element-f570890 elementor-widget elementor-widget-counter\" data-id=\"f570890\" data-element_type=\"widget\" data-widget_type=\"counter.default\">\n\t\t\t\t<div class=\"elementor-widget-container\">\n\t\t\t\t\t\t\t<div class=\"elementor-counter\">\n\t\t\t<div class=\"elementor-counter-title\">T\u00e4ydelliset hankkeet<\/div>\t\t\t<div class=\"elementor-counter-number-wrapper\">\n\t\t\t\t<span class=\"elementor-counter-number-prefix\"><\/span>\n\t\t\t\t<span class=\"elementor-counter-number\" data-duration=\"2000\" data-to-value=\"800\" data-from-value=\"0\" data-delimiter=\",\">0<\/span>\n\t\t\t\t<span class=\"elementor-counter-number-suffix\">+<\/span>\n\t\t\t<\/div>\n\t\t<\/div>\n\t\t\t\t\t\t<\/div>\n\t\t\t\t<\/div>\n\t\t\t\t<\/div>\n\t\t<div class=\"elementor-element elementor-element-f7ca384 e-con-full e-flex e-con e-child\" data-id=\"f7ca384\" data-element_type=\"container\">\n\t\t\t\t<div class=\"elementor-element elementor-element-253b1c4 elementor-widget elementor-widget-counter\" data-id=\"253b1c4\" data-element_type=\"widget\" data-widget_type=\"counter.default\">\n\t\t\t\t<div class=\"elementor-widget-container\">\n\t\t\t\t\t\t\t<div class=\"elementor-counter\">\n\t\t\t<div class=\"elementor-counter-title\">Vuotuinen tuotanto<\/div>\t\t\t<div class=\"elementor-counter-number-wrapper\">\n\t\t\t\t<span class=\"elementor-counter-number-prefix\"><\/span>\n\t\t\t\t<span class=\"elementor-counter-number\" data-duration=\"2000\" data-to-value=\"100\" data-from-value=\"0\" data-delimiter=\",\">0<\/span>\n\t\t\t\t<span class=\"elementor-counter-number-suffix\">M<\/span>\n\t\t\t<\/div>\n\t\t<\/div>\n\t\t\t\t\t\t<\/div>\n\t\t\t\t<\/div>\n\t\t\t\t<\/div>\n\t\t<div class=\"elementor-element elementor-element-25a7a5e e-con-full e-flex e-con e-child\" data-id=\"25a7a5e\" data-element_type=\"container\" data-settings=\"{&quot;background_background&quot;:&quot;classic&quot;}\">\n\t\t\t\t<div class=\"elementor-element elementor-element-05a5f00 elementor-widget elementor-widget-counter\" data-id=\"05a5f00\" data-element_type=\"widget\" data-widget_type=\"counter.default\">\n\t\t\t\t<div class=\"elementor-widget-container\">\n\t\t\t\t\t\t\t<div class=\"elementor-counter\">\n\t\t\t<div class=\"elementor-counter-title\"> m\u00b2 Moderni tehdas<\/div>\t\t\t<div class=\"elementor-counter-number-wrapper\">\n\t\t\t\t<span class=\"elementor-counter-number-prefix\"><\/span>\n\t\t\t\t<span class=\"elementor-counter-number\" data-duration=\"2000\" data-to-value=\"7200\" data-from-value=\"0\" data-delimiter=\",\">0<\/span>\n\t\t\t\t<span class=\"elementor-counter-number-suffix\"><\/span>\n\t\t\t<\/div>\n\t\t<\/div>\n\t\t\t\t\t\t<\/div>\n\t\t\t\t<\/div>\n\t\t\t\t<\/div>\n\t\t\t\t<\/div>\n\t\t\t\t<\/div>\n\t\t<div class=\"elementor-element elementor-element-fef063b e-con-full e-flex e-con e-child\" data-id=\"fef063b\" data-element_type=\"container\">\n\t\t\t\t<div class=\"elementor-element elementor-element-5093455 elementor-widget elementor-widget-heading\" data-id=\"5093455\" data-element_type=\"widget\" data-widget_type=\"heading.default\">\n\t\t\t\t<div class=\"elementor-widget-container\">\n\t\t\t\t\t<h2 class=\"elementor-heading-title elementor-size-default\">VINCER S\u00e4hk\u00f6k\u00e4ytt\u00f6iset venttiilit Valmistaja<\/h2>\t\t\t\t<\/div>\n\t\t\t\t<\/div>\n\t\t\t\t<div class=\"elementor-element elementor-element-7454a7b elementor-widget elementor-widget-text-editor\" data-id=\"7454a7b\" data-element_type=\"widget\" data-widget_type=\"text-editor.default\">\n\t\t\t\t<div class=\"elementor-widget-container\">\n\t\t\t\t\t\t\t\t\t<div data-page-id=\"SKHdd2vDkoZIItx6iBIcgidtnbf\" data-lark-html-role=\"root\" data-docx-has-block-data=\"false\"><div class=\"ace-line ace-line old-record-id-A1zAdYveaoDtJCxF124cvfT4n5f\"><div data-page-id=\"SKHdd2vDkoZIItx6iBIcgidtnbf\" data-lark-html-role=\"root\" data-docx-has-block-data=\"false\"><div class=\"ace-line ace-line old-record-id-A1zAdYveaoDtJCxF124cvfT4n5f\"><p>Olemme Vincer, kiinalainen tehdas, jolla on yli kymmenen vuoden kokemus venttiilien ammattimaisesta r\u00e4\u00e4t\u00e4l\u00f6idyst\u00e4 sarjatuotannosta ja joka on erikoistunut tehokkaisiin s\u00e4hk\u00f6- ja pneumaattisiin teollisuusventtiileihin.<\/p><p>Tarjoamme sinulle eritt\u00e4in r\u00e4\u00e4t\u00e4l\u00f6ityj\u00e4 ratkaisuja, jotka perustuvat ty\u00f6olosuhteisiisi, ymp\u00e4rist\u00f6vaatimuksiin, nestevaatimuksiin jne. ja jotka vastaavat kaupallisia ja teollisia tarpeitasi.Olemme sitoutuneet auttamaan sinua l\u00f6yt\u00e4m\u00e4\u00e4n ihanteellisen venttiiliratkaisun, joka vastaa nesteenohjaushaasteisiisi tarkasti ja luotettavasti.<\/p><\/div><\/div><\/div><\/div>\t\t\t\t\t\t\t\t<\/div>\n\t\t\t\t<\/div>\n\t\t\t\t<div class=\"elementor-element elementor-element-37907e2 elementor-invisible elementor-widget elementor-widget-button\" data-id=\"37907e2\" data-element_type=\"widget\" data-settings=\"{&quot;_animation&quot;:&quot;fadeInDown&quot;}\" data-widget_type=\"button.default\">\n\t\t\t\t<div class=\"elementor-widget-container\">\n\t\t\t\t\t\t\t\t\t<div class=\"elementor-button-wrapper\">\n\t\t\t\t\t<a class=\"elementor-button elementor-button-link elementor-size-sm\" href=\"#elementor-action%3Aaction%3Dpopup%3Aopen%26settings%3DeyJpZCI6IjE4Njg4IiwidG9nZ2xlIjpmYWxzZX0%3D\">\n\t\t\t\t\t\t<span class=\"elementor-button-content-wrapper\">\n\t\t\t\t\t\t\t\t\t<span class=\"elementor-button-text\">L\u00e4het\u00e4 kysely nyt<\/span>\n\t\t\t\t\t<\/span>\n\t\t\t\t\t<\/a>\n\t\t\t\t<\/div>\n\t\t\t\t\t\t\t\t<\/div>\n\t\t\t\t<\/div>\n\t\t\t\t<\/div>\n\t\t\t\t\t<\/div>\n\t\t\t\t<\/div>\n\t\t\t\t<\/div>","protected":false},"excerpt":{"rendered":"<p>S\u00e4hk\u00f6k\u00e4ytt\u00f6inen 3-osainen palloventtiili Saavuta tarkka nesteen s\u00e4\u00e4t\u00f6 VINCERin s\u00e4hk\u00f6k\u00e4ytt\u00f6isell\u00e4 3-osaisella palloventtiilisarjalla. T\u00e4m\u00e4 korkean suorituskyvyn teollisuussovelluksiin suunniteltu sarja maksimoi tehokkuuden ja v\u00e4hent\u00e4\u00e4 k\u00e4ytt\u00f6kustannuksia. [...]<\/p>","protected":false},"author":1,"featured_media":0,"parent":18584,"menu_order":0,"comment_status":"closed","ping_status":"closed","template":"product-category3.php","meta":{"_acf_changed":false,"site-sidebar-layout":"no-sidebar","site-content-layout":"page-builder","ast-site-content-layout":"full-width-container","site-content-style":"unboxed","site-sidebar-style":"unboxed","ast-global-header-display":"","ast-banner-title-visibility":"","ast-main-header-display":"","ast-hfb-above-header-display":"","ast-hfb-below-header-display":"","ast-hfb-mobile-header-display":"","site-post-title":"","ast-breadcrumbs-content":"disabled","ast-featured-img":"disabled","footer-sml-layout":"","ast-disable-related-posts":"","theme-transparent-header-meta":"default","adv-header-id-meta":"","stick-header-meta":"default","header-above-stick-meta":"","header-main-stick-meta":"","header-below-stick-meta":"","astra-migrate-meta-layouts":"set","ast-page-background-enabled":"default","ast-page-background-meta":{"desktop":{"background-color":"","background-image":"","background-repeat":"repeat","background-position":"center center","background-size":"auto","background-attachment":"scroll","background-type":"","background-media":"","overlay-type":"","overlay-color":"","overlay-opacity":"","overlay-gradient":""},"tablet":{"background-color":"","background-image":"","background-repeat":"repeat","background-position":"center center","background-size":"auto","background-attachment":"scroll","background-type":"","background-media":"","overlay-type":"","overlay-color":"","overlay-opacity":"","overlay-gradient":""},"mobile":{"background-color":"","background-image":"","background-repeat":"repeat","background-position":"center center","background-size":"auto","background-attachment":"scroll","background-type":"","background-media":"","overlay-type":"","overlay-color":"","overlay-opacity":"","overlay-gradient":""}},"ast-content-background-meta":{"desktop":{"background-color":"var(--ast-global-color-5)","background-image":"","background-repeat":"repeat","background-position":"center center","background-size":"auto","background-attachment":"scroll","background-type":"","background-media":"","overlay-type":"","overlay-color":"","overlay-opacity":"","overlay-gradient":""},"tablet":{"background-color":"var(--ast-global-color-5)","background-image":"","background-repeat":"repeat","background-position":"center center","background-size":"auto","background-attachment":"scroll","background-type":"","background-media":"","overlay-type":"","overlay-color":"","overlay-opacity":"","overlay-gradient":""},"mobile":{"background-color":"var(--ast-global-color-5)","background-image":"","background-repeat":"repeat","background-position":"center center","background-size":"auto","background-attachment":"scroll","background-type":"","background-media":"","overlay-type":"","overlay-color":"","overlay-opacity":"","overlay-gradient":""}},"footnotes":""},"categories":[],"tags":[],"class_list":["post-15322","page","type-page","status-publish","hentry"],"acf":[],"yoast_head":"<!-- This site is optimized with the Yoast SEO plugin v25.3.1 - https:\/\/yoast.com\/wordpress\/plugins\/seo\/ -->\n<title>Electric Actuated 3-Piece Ball Valve - VINCER Valve<\/title>\n<meta name=\"description\" content=\"electric actuated 3-piece ball valve for reliable control. Designed for durability and efficiency in industrial settings. Get in touch!\" \/>\n<meta name=\"robots\" content=\"index, follow, max-snippet:-1, max-image-preview:large, max-video-preview:-1\" \/>\n<link rel=\"canonical\" href=\"https:\/\/www.vincervalve.com\/fi\/electric-actuated-3-piece-ball-valve\/\" \/>\n<meta property=\"og:locale\" content=\"fi_FI\" \/>\n<meta property=\"og:type\" content=\"article\" \/>\n<meta property=\"og:title\" content=\"Electric Actuated 3-Piece Ball Valve - VINCER Valve\" \/>\n<meta property=\"og:description\" content=\"electric actuated 3-piece ball valve for reliable control. Designed for durability and efficiency in industrial settings. Get in touch!\" \/>\n<meta property=\"og:url\" content=\"https:\/\/www.vincervalve.com\/fi\/electric-actuated-3-piece-ball-valve\/\" \/>\n<meta property=\"og:site_name\" content=\"VINCER Valve\" \/>\n<meta property=\"article:modified_time\" content=\"2026-01-21T09:39:24+00:00\" \/>\n<meta name=\"twitter:card\" content=\"summary_large_image\" \/>\n<meta name=\"twitter:label1\" content=\"Arvioitu lukuaika\" \/>\n\t<meta name=\"twitter:data1\" content=\"1 minuutti\" \/>\n<script type=\"application\/ld+json\" class=\"yoast-schema-graph\">{\"@context\":\"https:\/\/schema.org\",\"@graph\":[{\"@type\":\"WebPage\",\"@id\":\"https:\/\/www.vincervalve.com\/electric-actuated-3-piece-ball-valve\/\",\"url\":\"https:\/\/www.vincervalve.com\/electric-actuated-3-piece-ball-valve\/\",\"name\":\"Electric Actuated 3-Piece Ball Valve - VINCER Valve\",\"isPartOf\":{\"@id\":\"https:\/\/www.vincervalve.com\/#website\"},\"datePublished\":\"2024-06-18T03:04:38+00:00\",\"dateModified\":\"2026-01-21T09:39:24+00:00\",\"description\":\"electric actuated 3-piece ball valve for reliable control. Designed for durability and efficiency in industrial settings. Get in touch!\",\"breadcrumb\":{\"@id\":\"https:\/\/www.vincervalve.com\/electric-actuated-3-piece-ball-valve\/#breadcrumb\"},\"inLanguage\":\"fi\",\"potentialAction\":[{\"@type\":\"ReadAction\",\"target\":[\"https:\/\/www.vincervalve.com\/electric-actuated-3-piece-ball-valve\/\"]}]},{\"@type\":\"BreadcrumbList\",\"@id\":\"https:\/\/www.vincervalve.com\/electric-actuated-3-piece-ball-valve\/#breadcrumb\",\"itemListElement\":[{\"@type\":\"ListItem\",\"position\":1,\"name\":\"Home\",\"item\":\"https:\/\/www.vincervalve.com\/\"},{\"@type\":\"ListItem\",\"position\":2,\"name\":\"Electric Actuated Ball Valves\",\"item\":\"https:\/\/www.vincervalve.com\/electric-actuated-ball-valves\/\"},{\"@type\":\"ListItem\",\"position\":3,\"name\":\"Electric Actuated 3-Piece Ball Valve\"}]},{\"@type\":\"WebSite\",\"@id\":\"https:\/\/www.vincervalve.com\/#website\",\"url\":\"https:\/\/www.vincervalve.com\/\",\"name\":\"VINCER Valve\",\"description\":\"\",\"publisher\":{\"@id\":\"https:\/\/www.vincervalve.com\/#organization\"},\"potentialAction\":[{\"@type\":\"SearchAction\",\"target\":{\"@type\":\"EntryPoint\",\"urlTemplate\":\"https:\/\/www.vincervalve.com\/?s={search_term_string}\"},\"query-input\":{\"@type\":\"PropertyValueSpecification\",\"valueRequired\":true,\"valueName\":\"search_term_string\"}}],\"inLanguage\":\"fi\"},{\"@type\":\"Organization\",\"@id\":\"https:\/\/www.vincervalve.com\/#organization\",\"name\":\"VINCER Valve\",\"url\":\"https:\/\/www.vincervalve.com\/\",\"logo\":{\"@type\":\"ImageObject\",\"inLanguage\":\"fi\",\"@id\":\"https:\/\/www.vincervalve.com\/#\/schema\/logo\/image\/\",\"url\":\"https:\/\/www.vincervalve.com\/wp-content\/uploads\/2025\/07\/cropped-\u65b0\u7248\u84ddlogo-\u5f85\u786e\u8ba43.png\",\"contentUrl\":\"https:\/\/www.vincervalve.com\/wp-content\/uploads\/2025\/07\/cropped-\u65b0\u7248\u84ddlogo-\u5f85\u786e\u8ba43.png\",\"width\":1160,\"height\":270,\"caption\":\"VINCER Valve\"},\"image\":{\"@id\":\"https:\/\/www.vincervalve.com\/#\/schema\/logo\/image\/\"}}]}<\/script>\n<!-- \/ Yoast SEO plugin. -->","yoast_head_json":{"title":"Electric Actuated 3-Piece Ball Valve - VINCER Valve","description":"electric actuated 3-piece ball valve for reliable control. Designed for durability and efficiency in industrial settings. Get in touch!","robots":{"index":"index","follow":"follow","max-snippet":"max-snippet:-1","max-image-preview":"max-image-preview:large","max-video-preview":"max-video-preview:-1"},"canonical":"https:\/\/www.vincervalve.com\/fi\/electric-actuated-3-piece-ball-valve\/","og_locale":"fi_FI","og_type":"article","og_title":"Electric Actuated 3-Piece Ball Valve - VINCER Valve","og_description":"electric actuated 3-piece ball valve for reliable control. Designed for durability and efficiency in industrial settings. Get in touch!","og_url":"https:\/\/www.vincervalve.com\/fi\/electric-actuated-3-piece-ball-valve\/","og_site_name":"VINCER Valve","article_modified_time":"2026-01-21T09:39:24+00:00","twitter_card":"summary_large_image","twitter_misc":{"Arvioitu lukuaika":"1 minuutti"},"schema":{"@context":"https:\/\/schema.org","@graph":[{"@type":"WebPage","@id":"https:\/\/www.vincervalve.com\/electric-actuated-3-piece-ball-valve\/","url":"https:\/\/www.vincervalve.com\/electric-actuated-3-piece-ball-valve\/","name":"Electric Actuated 3-Piece Ball Valve - VINCER Valve","isPartOf":{"@id":"https:\/\/www.vincervalve.com\/#website"},"datePublished":"2024-06-18T03:04:38+00:00","dateModified":"2026-01-21T09:39:24+00:00","description":"electric actuated 3-piece ball valve for reliable control. Designed for durability and efficiency in industrial settings. Get in touch!","breadcrumb":{"@id":"https:\/\/www.vincervalve.com\/electric-actuated-3-piece-ball-valve\/#breadcrumb"},"inLanguage":"fi","potentialAction":[{"@type":"ReadAction","target":["https:\/\/www.vincervalve.com\/electric-actuated-3-piece-ball-valve\/"]}]},{"@type":"BreadcrumbList","@id":"https:\/\/www.vincervalve.com\/electric-actuated-3-piece-ball-valve\/#breadcrumb","itemListElement":[{"@type":"ListItem","position":1,"name":"Home","item":"https:\/\/www.vincervalve.com\/"},{"@type":"ListItem","position":2,"name":"Electric Actuated Ball Valves","item":"https:\/\/www.vincervalve.com\/electric-actuated-ball-valves\/"},{"@type":"ListItem","position":3,"name":"Electric Actuated 3-Piece Ball Valve"}]},{"@type":"WebSite","@id":"https:\/\/www.vincervalve.com\/#website","url":"https:\/\/www.vincervalve.com\/","name":"VINCER Valve","description":"","publisher":{"@id":"https:\/\/www.vincervalve.com\/#organization"},"potentialAction":[{"@type":"SearchAction","target":{"@type":"EntryPoint","urlTemplate":"https:\/\/www.vincervalve.com\/?s={search_term_string}"},"query-input":{"@type":"PropertyValueSpecification","valueRequired":true,"valueName":"search_term_string"}}],"inLanguage":"fi"},{"@type":"Organization","@id":"https:\/\/www.vincervalve.com\/#organization","name":"VINCER Valve","url":"https:\/\/www.vincervalve.com\/","logo":{"@type":"ImageObject","inLanguage":"fi","@id":"https:\/\/www.vincervalve.com\/#\/schema\/logo\/image\/","url":"https:\/\/www.vincervalve.com\/wp-content\/uploads\/2025\/07\/cropped-\u65b0\u7248\u84ddlogo-\u5f85\u786e\u8ba43.png","contentUrl":"https:\/\/www.vincervalve.com\/wp-content\/uploads\/2025\/07\/cropped-\u65b0\u7248\u84ddlogo-\u5f85\u786e\u8ba43.png","width":1160,"height":270,"caption":"VINCER Valve"},"image":{"@id":"https:\/\/www.vincervalve.com\/#\/schema\/logo\/image\/"}}]}},"_links":{"self":[{"href":"https:\/\/www.vincervalve.com\/fi\/wp-json\/wp\/v2\/pages\/15322","targetHints":{"allow":["GET"]}}],"collection":[{"href":"https:\/\/www.vincervalve.com\/fi\/wp-json\/wp\/v2\/pages"}],"about":[{"href":"https:\/\/www.vincervalve.com\/fi\/wp-json\/wp\/v2\/types\/page"}],"author":[{"embeddable":true,"href":"https:\/\/www.vincervalve.com\/fi\/wp-json\/wp\/v2\/users\/1"}],"replies":[{"embeddable":true,"href":"https:\/\/www.vincervalve.com\/fi\/wp-json\/wp\/v2\/comments?post=15322"}],"version-history":[{"count":33,"href":"https:\/\/www.vincervalve.com\/fi\/wp-json\/wp\/v2\/pages\/15322\/revisions"}],"predecessor-version":[{"id":22154,"href":"https:\/\/www.vincervalve.com\/fi\/wp-json\/wp\/v2\/pages\/15322\/revisions\/22154"}],"up":[{"embeddable":true,"href":"https:\/\/www.vincervalve.com\/fi\/wp-json\/wp\/v2\/pages\/18584"}],"wp:attachment":[{"href":"https:\/\/www.vincervalve.com\/fi\/wp-json\/wp\/v2\/media?parent=15322"}],"wp:term":[{"taxonomy":"category","embeddable":true,"href":"https:\/\/www.vincervalve.com\/fi\/wp-json\/wp\/v2\/categories?post=15322"},{"taxonomy":"post_tag","embeddable":true,"href":"https:\/\/www.vincervalve.com\/fi\/wp-json\/wp\/v2\/tags?post=15322"}],"curies":[{"name":"wp","href":"https:\/\/api.w.org\/{rel}","templated":true}]}}