{"id":12857,"date":"2023-12-11T07:51:41","date_gmt":"2023-12-11T07:51:41","guid":{"rendered":"https:\/\/www.vincervalve.com\/?page_id=12857"},"modified":"2026-01-14T02:17:26","modified_gmt":"2026-01-14T02:17:26","slug":"electric-actuated-3-way-ball-valve","status":"publish","type":"page","link":"https:\/\/www.vincervalve.com\/es\/electric-actuated-3-way-ball-valve\/","title":{"rendered":"V\u00e1lvula de bola de 3 v\u00edas de accionamiento el\u00e9ctrico Serie"},"content":{"rendered":"<div data-elementor-type=\"wp-page\" data-elementor-id=\"12857\" class=\"elementor elementor-12857\" data-elementor-post-type=\"page\">\n\t\t\t\t<div class=\"elementor-element elementor-element-e997e4e e-flex e-con-boxed e-con e-parent\" data-id=\"e997e4e\" data-element_type=\"container\" data-settings=\"{&quot;background_background&quot;:&quot;classic&quot;}\">\n\t\t\t\t\t<div class=\"e-con-inner\">\n\t\t\t\t<div class=\"elementor-element elementor-element-6d492c8a elementor-widget elementor-widget-heading\" data-id=\"6d492c8a\" data-element_type=\"widget\" data-widget_type=\"heading.default\">\n\t\t\t\t<div class=\"elementor-widget-container\">\n\t\t\t\t\t<h1 class=\"elementor-heading-title elementor-size-default\">V\u00e1lvula de bola de 3 v\u00edas de accionamiento el\u00e9ctrico Serie<\/h1>\t\t\t\t<\/div>\n\t\t\t\t<\/div>\n\t\t\t\t<div class=\"elementor-element elementor-element-65ee6902 elementor-widget__width-initial elementor-widget elementor-widget-text-editor\" data-id=\"65ee6902\" data-element_type=\"widget\" data-widget_type=\"text-editor.default\">\n\t\t\t\t<div class=\"elementor-widget-container\">\n\t\t\t\t\t\t\t\t\tEl VINCER <strong>V\u00e1lvula de bola de 3 v\u00edas de accionamiento el\u00e9ctrico serie<\/strong> est\u00e1 dise\u00f1ado para el control de caudal de alta eficacia en sistemas de tuber\u00edas sofisticados. Equipado con actuadores el\u00e9ctricos automatizados de precisi\u00f3n y <strong>configuraciones de flujo vers\u00e1tiles<\/strong><strong> (patrones T-Port y L-Port)<\/strong>estas v\u00e1lvulas son la soluci\u00f3n ideal para aplicaciones que requieren <strong>mezclar, desviar o conmutar flujos<\/strong>.\t\t\t\t\t\t\t\t<\/div>\n\t\t\t\t<\/div>\n\t\t\t\t<div class=\"elementor-element elementor-element-1fe7bbda elementor-widget elementor-widget-heading\" data-id=\"1fe7bbda\" data-element_type=\"widget\" data-widget_type=\"heading.default\">\n\t\t\t\t<div class=\"elementor-widget-container\">\n\t\t\t\t\t<h3 class=\"elementor-heading-title elementor-size-default\">Destacados<\/h3>\t\t\t\t<\/div>\n\t\t\t\t<\/div>\n\t\t\t\t<div class=\"elementor-element elementor-element-759fbe98 elementor-widget__width-initial elementor-widget elementor-widget-text-editor\" data-id=\"759fbe98\" data-element_type=\"widget\" data-widget_type=\"text-editor.default\">\n\t\t\t\t<div class=\"elementor-widget-container\">\n\t\t\t\t\t\t\t\t\t<strong>Patrones de flujo flexibles:<\/strong> Disponible en <strong>Puerto L<\/strong> y <strong>Configuraciones T-Port<\/strong> para satisfacer requisitos de enrutamiento complejos.\n\n<br><strong>Amplias opciones de materiales:<\/strong> Elige entre <strong>Acero inoxidable de alta calidad<\/strong>, <strong>Acero al carbono<\/strong>o <strong>Pl\u00e1stico<\/strong> para adaptarse a las exigencias de presi\u00f3n y temperatura de su medio.\n\n<br><strong>Conexiones personalizables:<\/strong> Ofrecemos <strong>Roscado<\/strong>, <strong>Con bridas<\/strong>, <strong>abrazadera<\/strong>y <strong>Enchufe<\/strong> extremos para garantizar la compatibilidad con las normas mundiales sobre tuber\u00edas.\n\n<br><strong>Automatizaci\u00f3n fiable:<\/strong><strong> Alto par<\/strong>Los actuadores el\u00e9ctricos proporcionan estabilidad, <strong>teledirigido<\/strong> funcionamiento con una larga vida \u00fatil y un mantenimiento m\u00ednimo.\t\t\t\t\t\t\t\t<\/div>\n\t\t\t\t<\/div>\n\t\t\t\t<div class=\"elementor-element elementor-element-53e534ea animated-slow elementor-invisible elementor-widget elementor-widget-button\" data-id=\"53e534ea\" data-element_type=\"widget\" data-settings=\"{&quot;_animation&quot;:&quot;fadeInDown&quot;}\" data-widget_type=\"button.default\">\n\t\t\t\t<div class=\"elementor-widget-container\">\n\t\t\t\t\t\t\t\t\t<div class=\"elementor-button-wrapper\">\n\t\t\t\t\t<a class=\"elementor-button elementor-button-link elementor-size-sm\" href=\"#elementor-action%3Aaction%3Dpopup%3Aopen%26settings%3DeyJpZCI6IjE4Njg4IiwidG9nZ2xlIjpmYWxzZX0%3D\">\n\t\t\t\t\t\t<span class=\"elementor-button-content-wrapper\">\n\t\t\t\t\t\t\t\t\t<span class=\"elementor-button-text\">P\u00f3ngase en contacto<\/span>\n\t\t\t\t\t<\/span>\n\t\t\t\t\t<\/a>\n\t\t\t\t<\/div>\n\t\t\t\t\t\t\t\t<\/div>\n\t\t\t\t<\/div>\n\t\t\t\t\t<\/div>\n\t\t\t\t<\/div>\n\t\t<div class=\"elementor-element elementor-element-52e6d3d1 e-flex e-con-boxed e-con e-parent\" data-id=\"52e6d3d1\" data-element_type=\"container\">\n\t\t\t\t\t<div class=\"e-con-inner\">\n\t\t\t\t<div class=\"elementor-element elementor-element-596ef4ce elementor-widget elementor-widget-pp-breadcrumbs\" data-id=\"596ef4ce\" data-element_type=\"widget\" data-settings=\"{&quot;breadcrumbs_type&quot;:&quot;powerpack&quot;}\" data-widget_type=\"pp-breadcrumbs.default\">\n\t\t\t\t<div class=\"elementor-widget-container\">\n\t\t\t\t\t<ul class=\"pp-breadcrumbs pp-breadcrumbs-powerpack\">\t\t<li class=\"pp-breadcrumbs-item pp-breadcrumbs-item-home\">\n\t\t\t<a class=\"pp-breadcrumbs-crumb pp-breadcrumbs-crumb-link pp-breadcrumbs-crumb-home\" href=\"https:\/\/www.vincervalve.com\/es\" title=\"Inicio\">\n\t\t\t\t<span class=\"pp-breadcrumbs-text\">\n\t\t\t\t\t\t\t\t\t\tInicio\t\t\t\t<\/span>\n\t\t\t<\/a>\n\t\t<\/li>\n\t\t<li class=\"pp-breadcrumbs-separator\">\t\t\t\t<span class='pp-separator-icon pp-icon'>\n\t\t\t\t\t<svg aria-hidden=\"true\" class=\"e-font-icon-svg e-fas-angle-right\" viewbox=\"0 0 256 512\" xmlns=\"http:\/\/www.w3.org\/2000\/svg\"><path d=\"M224.3 273l-136 136c-9.4 9.4-24.6 9.4-33.9 0l-22.6-22.6c-9.4-9.4-9.4-24.6 0-33.9l96.4-96.4-96.4-96.4c-9.4-9.4-9.4-24.6 0-33.9L54.3 103c9.4-9.4 24.6-9.4 33.9 0l136 136c9.5 9.4 9.5 24.6.1 34z\"><\/path><\/svg>\t\t\t\t<\/span>\n\t\t\t\t<\/li><\/ul>\t\t\t\t<\/div>\n\t\t\t\t<\/div>\n\t\t\t\t\t<\/div>\n\t\t\t\t<\/div>\n\t\t<div class=\"elementor-element elementor-element-3a12d4d0 elementor-hidden-mobile e-flex e-con-boxed e-con e-parent\" data-id=\"3a12d4d0\" data-element_type=\"container\">\n\t\t\t\t\t<div class=\"e-con-inner\">\n\t\t<div class=\"elementor-element elementor-element-3f371aa0 e-con-full e-flex e-con e-child\" data-id=\"3f371aa0\" data-element_type=\"container\">\n\t\t<div class=\"elementor-element elementor-element-3434087f e-grid e-con-full e-con e-child\" data-id=\"3434087f\" data-element_type=\"container\">\n\t\t<div class=\"elementor-element elementor-element-61c60586 e-con-full e-flex e-con e-child\" data-id=\"61c60586\" data-element_type=\"container\" data-settings=\"{&quot;background_background&quot;:&quot;classic&quot;}\">\n\t\t\t\t<div class=\"elementor-element elementor-element-5a94a52c elementor-widget elementor-widget-counter\" data-id=\"5a94a52c\" data-element_type=\"widget\" data-widget_type=\"counter.default\">\n\t\t\t\t<div class=\"elementor-widget-container\">\n\t\t\t\t\t\t\t<div class=\"elementor-counter\">\n\t\t\t<div class=\"elementor-counter-title\">L\u00ednea de producci\u00f3n<\/div>\t\t\t<div class=\"elementor-counter-number-wrapper\">\n\t\t\t\t<span class=\"elementor-counter-number-prefix\"><\/span>\n\t\t\t\t<span class=\"elementor-counter-number\" data-duration=\"2000\" data-to-value=\"4\" data-from-value=\"0\" data-delimiter=\",\">0<\/span>\n\t\t\t\t<span class=\"elementor-counter-number-suffix\"><\/span>\n\t\t\t<\/div>\n\t\t<\/div>\n\t\t\t\t\t\t<\/div>\n\t\t\t\t<\/div>\n\t\t\t\t<\/div>\n\t\t<div class=\"elementor-element elementor-element-2992e3a9 e-con-full e-flex e-con e-child\" data-id=\"2992e3a9\" data-element_type=\"container\">\n\t\t\t\t<div class=\"elementor-element elementor-element-6a640fb6 elementor-widget elementor-widget-counter\" data-id=\"6a640fb6\" data-element_type=\"widget\" data-widget_type=\"counter.default\">\n\t\t\t\t<div class=\"elementor-widget-container\">\n\t\t\t\t\t\t\t<div class=\"elementor-counter\">\n\t\t\t<div class=\"elementor-counter-title\">Proyectos completos<\/div>\t\t\t<div class=\"elementor-counter-number-wrapper\">\n\t\t\t\t<span class=\"elementor-counter-number-prefix\"><\/span>\n\t\t\t\t<span class=\"elementor-counter-number\" data-duration=\"2000\" data-to-value=\"800\" data-from-value=\"0\" data-delimiter=\",\">0<\/span>\n\t\t\t\t<span class=\"elementor-counter-number-suffix\">+<\/span>\n\t\t\t<\/div>\n\t\t<\/div>\n\t\t\t\t\t\t<\/div>\n\t\t\t\t<\/div>\n\t\t\t\t<\/div>\n\t\t<div class=\"elementor-element elementor-element-3437664c e-con-full e-flex e-con e-child\" data-id=\"3437664c\" data-element_type=\"container\">\n\t\t\t\t<div class=\"elementor-element elementor-element-5d1eed44 elementor-widget elementor-widget-counter\" data-id=\"5d1eed44\" data-element_type=\"widget\" data-widget_type=\"counter.default\">\n\t\t\t\t<div class=\"elementor-widget-container\">\n\t\t\t\t\t\t\t<div class=\"elementor-counter\">\n\t\t\t<div class=\"elementor-counter-title\">Producci\u00f3n anual<\/div>\t\t\t<div class=\"elementor-counter-number-wrapper\">\n\t\t\t\t<span class=\"elementor-counter-number-prefix\"><\/span>\n\t\t\t\t<span class=\"elementor-counter-number\" data-duration=\"2000\" data-to-value=\"100\" data-from-value=\"0\" data-delimiter=\",\">0<\/span>\n\t\t\t\t<span class=\"elementor-counter-number-suffix\">M<\/span>\n\t\t\t<\/div>\n\t\t<\/div>\n\t\t\t\t\t\t<\/div>\n\t\t\t\t<\/div>\n\t\t\t\t<\/div>\n\t\t<div class=\"elementor-element elementor-element-3afeeddf e-con-full e-flex e-con e-child\" data-id=\"3afeeddf\" data-element_type=\"container\" data-settings=\"{&quot;background_background&quot;:&quot;classic&quot;}\">\n\t\t\t\t<div class=\"elementor-element elementor-element-4a2b5799 elementor-widget elementor-widget-counter\" data-id=\"4a2b5799\" data-element_type=\"widget\" data-widget_type=\"counter.default\">\n\t\t\t\t<div class=\"elementor-widget-container\">\n\t\t\t\t\t\t\t<div class=\"elementor-counter\">\n\t\t\t<div class=\"elementor-counter-title\"> m\u00b2 F\u00e1brica moderna<\/div>\t\t\t<div class=\"elementor-counter-number-wrapper\">\n\t\t\t\t<span class=\"elementor-counter-number-prefix\"><\/span>\n\t\t\t\t<span class=\"elementor-counter-number\" data-duration=\"2000\" data-to-value=\"7200\" data-from-value=\"0\" data-delimiter=\",\">0<\/span>\n\t\t\t\t<span class=\"elementor-counter-number-suffix\"><\/span>\n\t\t\t<\/div>\n\t\t<\/div>\n\t\t\t\t\t\t<\/div>\n\t\t\t\t<\/div>\n\t\t\t\t<\/div>\n\t\t\t\t<\/div>\n\t\t\t\t<\/div>\n\t\t<div class=\"elementor-element elementor-element-61071f3a e-con-full e-flex e-con e-child\" data-id=\"61071f3a\" data-element_type=\"container\">\n\t\t\t\t<div class=\"elementor-element elementor-element-20e9d6f0 elementor-widget elementor-widget-heading\" data-id=\"20e9d6f0\" data-element_type=\"widget\" data-widget_type=\"heading.default\">\n\t\t\t\t<div class=\"elementor-widget-container\">\n\t\t\t\t\t<h2 class=\"elementor-heading-title elementor-size-default\">VINCER V\u00e1lvulas motorizadas Fabricantes<\/h2>\t\t\t\t<\/div>\n\t\t\t\t<\/div>\n\t\t\t\t<div class=\"elementor-element elementor-element-7ced6933 elementor-widget elementor-widget-text-editor\" data-id=\"7ced6933\" data-element_type=\"widget\" data-widget_type=\"text-editor.default\">\n\t\t\t\t<div class=\"elementor-widget-container\">\n\t\t\t\t\t\t\t\t\t<div data-page-id=\"SKHdd2vDkoZIItx6iBIcgidtnbf\" data-lark-html-role=\"root\" data-docx-has-block-data=\"false\"><div class=\"ace-line ace-line old-record-id-A1zAdYveaoDtJCxF124cvfT4n5f\"><div data-page-id=\"SKHdd2vDkoZIItx6iBIcgidtnbf\" data-lark-html-role=\"root\" data-docx-has-block-data=\"false\"><div class=\"ace-line ace-line old-record-id-A1zAdYveaoDtJCxF124cvfT4n5f\"><p>Somos Vincer, una f\u00e1brica china con m\u00e1s de diez a\u00f1os de experiencia en la fabricaci\u00f3n profesional de v\u00e1lvulas por lotes a medida, especializada en v\u00e1lvulas industriales el\u00e9ctricas y neum\u00e1ticas de alto rendimiento.<\/p><p>Le proporcionaremos soluciones altamente personalizadas basadas en sus condiciones de trabajo, requisitos medioambientales, requisitos de fluidos, etc. para satisfacer sus necesidades comerciales e industriales.Nos comprometemos a ayudarle a encontrar la soluci\u00f3n de v\u00e1lvula ideal para afrontar sus retos de control de fluidos con precisi\u00f3n y fiabilidad.<\/p><\/div><\/div><\/div><\/div>\t\t\t\t\t\t\t\t<\/div>\n\t\t\t\t<\/div>\n\t\t\t\t<div class=\"elementor-element elementor-element-5f2f8694 elementor-invisible elementor-widget elementor-widget-button\" data-id=\"5f2f8694\" data-element_type=\"widget\" data-settings=\"{&quot;_animation&quot;:&quot;fadeInDown&quot;}\" data-widget_type=\"button.default\">\n\t\t\t\t<div class=\"elementor-widget-container\">\n\t\t\t\t\t\t\t\t\t<div class=\"elementor-button-wrapper\">\n\t\t\t\t\t<a class=\"elementor-button elementor-button-link elementor-size-sm\" href=\"#elementor-action%3Aaction%3Dpopup%3Aopen%26settings%3DeyJpZCI6IjE4Njg4IiwidG9nZ2xlIjpmYWxzZX0%3D\">\n\t\t\t\t\t\t<span class=\"elementor-button-content-wrapper\">\n\t\t\t\t\t\t\t\t\t<span class=\"elementor-button-text\">Enviar consulta ahora<\/span>\n\t\t\t\t\t<\/span>\n\t\t\t\t\t<\/a>\n\t\t\t\t<\/div>\n\t\t\t\t\t\t\t\t<\/div>\n\t\t\t\t<\/div>\n\t\t\t\t<\/div>\n\t\t\t\t\t<\/div>\n\t\t\t\t<\/div>\n\t\t\t\t<\/div>","protected":false},"excerpt":{"rendered":"<p>Serie de v\u00e1lvulas de bola de 3 v\u00edas con actuador el\u00e9ctrico La serie de v\u00e1lvulas de bola de 3 v\u00edas con actuador el\u00e9ctrico VINCER est\u00e1 dise\u00f1ada para el control de caudal de alta eficacia en sistemas de tuber\u00edas sofisticados. Equipada con actuadores el\u00e9ctricos de precisi\u00f3n y [...]<\/p>","protected":false},"author":1,"featured_media":0,"parent":18584,"menu_order":0,"comment_status":"closed","ping_status":"closed","template":"product-category3.php","meta":{"_acf_changed":false,"site-sidebar-layout":"no-sidebar","site-content-layout":"page-builder","ast-site-content-layout":"full-width-container","site-content-style":"unboxed","site-sidebar-style":"unboxed","ast-global-header-display":"","ast-banner-title-visibility":"","ast-main-header-display":"","ast-hfb-above-header-display":"","ast-hfb-below-header-display":"","ast-hfb-mobile-header-display":"","site-post-title":"","ast-breadcrumbs-content":"disabled","ast-featured-img":"disabled","footer-sml-layout":"","ast-disable-related-posts":"","theme-transparent-header-meta":"default","adv-header-id-meta":"","stick-header-meta":"default","header-above-stick-meta":"","header-main-stick-meta":"","header-below-stick-meta":"","astra-migrate-meta-layouts":"set","ast-page-background-enabled":"default","ast-page-background-meta":{"desktop":{"background-color":"","background-image":"","background-repeat":"repeat","background-position":"center center","background-size":"auto","background-attachment":"scroll","background-type":"","background-media":"","overlay-type":"","overlay-color":"","overlay-opacity":"","overlay-gradient":""},"tablet":{"background-color":"","background-image":"","background-repeat":"repeat","background-position":"center center","background-size":"auto","background-attachment":"scroll","background-type":"","background-media":"","overlay-type":"","overlay-color":"","overlay-opacity":"","overlay-gradient":""},"mobile":{"background-color":"","background-image":"","background-repeat":"repeat","background-position":"center center","background-size":"auto","background-attachment":"scroll","background-type":"","background-media":"","overlay-type":"","overlay-color":"","overlay-opacity":"","overlay-gradient":""}},"ast-content-background-meta":{"desktop":{"background-color":"var(--ast-global-color-5)","background-image":"","background-repeat":"repeat","background-position":"center center","background-size":"auto","background-attachment":"scroll","background-type":"","background-media":"","overlay-type":"","overlay-color":"","overlay-opacity":"","overlay-gradient":""},"tablet":{"background-color":"var(--ast-global-color-5)","background-image":"","background-repeat":"repeat","background-position":"center center","background-size":"auto","background-attachment":"scroll","background-type":"","background-media":"","overlay-type":"","overlay-color":"","overlay-opacity":"","overlay-gradient":""},"mobile":{"background-color":"var(--ast-global-color-5)","background-image":"","background-repeat":"repeat","background-position":"center center","background-size":"auto","background-attachment":"scroll","background-type":"","background-media":"","overlay-type":"","overlay-color":"","overlay-opacity":"","overlay-gradient":""}},"footnotes":""},"categories":[],"tags":[],"class_list":["post-12857","page","type-page","status-publish","hentry"],"acf":[],"yoast_head":"<!-- This site is optimized with the Yoast SEO plugin v25.3.1 - https:\/\/yoast.com\/wordpress\/plugins\/seo\/ -->\n<title>Electric Actuated 3-Way Ball Valve - VINCER Valve<\/title>\n<meta name=\"description\" content=\"VINCER Electric Actuated 3-Way Ball Valve series is engineered for high-efficiency flow control within sophisticated pipeline systems.\" \/>\n<meta name=\"robots\" content=\"index, follow, max-snippet:-1, max-image-preview:large, max-video-preview:-1\" \/>\n<link rel=\"canonical\" href=\"https:\/\/www.vincervalve.com\/es\/electric-actuated-3-way-ball-valve\/\" \/>\n<meta property=\"og:locale\" content=\"es_ES\" \/>\n<meta property=\"og:type\" content=\"article\" \/>\n<meta property=\"og:title\" content=\"Electric Actuated 3-Way Ball Valve - VINCER Valve\" \/>\n<meta property=\"og:description\" content=\"VINCER Electric Actuated 3-Way Ball Valve series is engineered for high-efficiency flow control within sophisticated pipeline systems.\" \/>\n<meta property=\"og:url\" content=\"https:\/\/www.vincervalve.com\/es\/electric-actuated-3-way-ball-valve\/\" \/>\n<meta property=\"og:site_name\" content=\"VINCER Valve\" \/>\n<meta property=\"article:modified_time\" content=\"2026-01-14T02:17:26+00:00\" \/>\n<meta name=\"twitter:card\" content=\"summary_large_image\" \/>\n<meta name=\"twitter:label1\" content=\"Tiempo de lectura\" \/>\n\t<meta name=\"twitter:data1\" content=\"1 minuto\" \/>\n<script type=\"application\/ld+json\" class=\"yoast-schema-graph\">{\"@context\":\"https:\/\/schema.org\",\"@graph\":[{\"@type\":\"WebPage\",\"@id\":\"https:\/\/www.vincervalve.com\/electric-actuated-3-way-ball-valve\/\",\"url\":\"https:\/\/www.vincervalve.com\/electric-actuated-3-way-ball-valve\/\",\"name\":\"Electric Actuated 3-Way Ball Valve - VINCER Valve\",\"isPartOf\":{\"@id\":\"https:\/\/www.vincervalve.com\/#website\"},\"datePublished\":\"2023-12-11T07:51:41+00:00\",\"dateModified\":\"2026-01-14T02:17:26+00:00\",\"description\":\"VINCER Electric Actuated 3-Way Ball Valve series is engineered for high-efficiency flow control within sophisticated pipeline systems.\",\"breadcrumb\":{\"@id\":\"https:\/\/www.vincervalve.com\/electric-actuated-3-way-ball-valve\/#breadcrumb\"},\"inLanguage\":\"es\",\"potentialAction\":[{\"@type\":\"ReadAction\",\"target\":[\"https:\/\/www.vincervalve.com\/electric-actuated-3-way-ball-valve\/\"]}]},{\"@type\":\"BreadcrumbList\",\"@id\":\"https:\/\/www.vincervalve.com\/electric-actuated-3-way-ball-valve\/#breadcrumb\",\"itemListElement\":[{\"@type\":\"ListItem\",\"position\":1,\"name\":\"Home\",\"item\":\"https:\/\/www.vincervalve.com\/\"},{\"@type\":\"ListItem\",\"position\":2,\"name\":\"Electric Actuated Ball Valves\",\"item\":\"https:\/\/www.vincervalve.com\/electric-actuated-ball-valves\/\"},{\"@type\":\"ListItem\",\"position\":3,\"name\":\"Electric Actuated 3-Way Ball Valve Series\"}]},{\"@type\":\"WebSite\",\"@id\":\"https:\/\/www.vincervalve.com\/#website\",\"url\":\"https:\/\/www.vincervalve.com\/\",\"name\":\"VINCER Valve\",\"description\":\"\",\"publisher\":{\"@id\":\"https:\/\/www.vincervalve.com\/#organization\"},\"potentialAction\":[{\"@type\":\"SearchAction\",\"target\":{\"@type\":\"EntryPoint\",\"urlTemplate\":\"https:\/\/www.vincervalve.com\/?s={search_term_string}\"},\"query-input\":{\"@type\":\"PropertyValueSpecification\",\"valueRequired\":true,\"valueName\":\"search_term_string\"}}],\"inLanguage\":\"es\"},{\"@type\":\"Organization\",\"@id\":\"https:\/\/www.vincervalve.com\/#organization\",\"name\":\"VINCER Valve\",\"url\":\"https:\/\/www.vincervalve.com\/\",\"logo\":{\"@type\":\"ImageObject\",\"inLanguage\":\"es\",\"@id\":\"https:\/\/www.vincervalve.com\/#\/schema\/logo\/image\/\",\"url\":\"https:\/\/www.vincervalve.com\/wp-content\/uploads\/2025\/07\/cropped-\u65b0\u7248\u84ddlogo-\u5f85\u786e\u8ba43.png\",\"contentUrl\":\"https:\/\/www.vincervalve.com\/wp-content\/uploads\/2025\/07\/cropped-\u65b0\u7248\u84ddlogo-\u5f85\u786e\u8ba43.png\",\"width\":1160,\"height\":270,\"caption\":\"VINCER Valve\"},\"image\":{\"@id\":\"https:\/\/www.vincervalve.com\/#\/schema\/logo\/image\/\"}}]}<\/script>\n<!-- \/ Yoast SEO plugin. -->","yoast_head_json":{"title":"Electric Actuated 3-Way Ball Valve - VINCER Valve","description":"VINCER Electric Actuated 3-Way Ball Valve series is engineered for high-efficiency flow control within sophisticated pipeline systems.","robots":{"index":"index","follow":"follow","max-snippet":"max-snippet:-1","max-image-preview":"max-image-preview:large","max-video-preview":"max-video-preview:-1"},"canonical":"https:\/\/www.vincervalve.com\/es\/electric-actuated-3-way-ball-valve\/","og_locale":"es_ES","og_type":"article","og_title":"Electric Actuated 3-Way Ball Valve - VINCER Valve","og_description":"VINCER Electric Actuated 3-Way Ball Valve series is engineered for high-efficiency flow control within sophisticated pipeline systems.","og_url":"https:\/\/www.vincervalve.com\/es\/electric-actuated-3-way-ball-valve\/","og_site_name":"VINCER Valve","article_modified_time":"2026-01-14T02:17:26+00:00","twitter_card":"summary_large_image","twitter_misc":{"Tiempo de lectura":"1 minuto"},"schema":{"@context":"https:\/\/schema.org","@graph":[{"@type":"WebPage","@id":"https:\/\/www.vincervalve.com\/electric-actuated-3-way-ball-valve\/","url":"https:\/\/www.vincervalve.com\/electric-actuated-3-way-ball-valve\/","name":"Electric Actuated 3-Way Ball Valve - VINCER Valve","isPartOf":{"@id":"https:\/\/www.vincervalve.com\/#website"},"datePublished":"2023-12-11T07:51:41+00:00","dateModified":"2026-01-14T02:17:26+00:00","description":"VINCER Electric Actuated 3-Way Ball Valve series is engineered for high-efficiency flow control within sophisticated pipeline systems.","breadcrumb":{"@id":"https:\/\/www.vincervalve.com\/electric-actuated-3-way-ball-valve\/#breadcrumb"},"inLanguage":"es","potentialAction":[{"@type":"ReadAction","target":["https:\/\/www.vincervalve.com\/electric-actuated-3-way-ball-valve\/"]}]},{"@type":"BreadcrumbList","@id":"https:\/\/www.vincervalve.com\/electric-actuated-3-way-ball-valve\/#breadcrumb","itemListElement":[{"@type":"ListItem","position":1,"name":"Home","item":"https:\/\/www.vincervalve.com\/"},{"@type":"ListItem","position":2,"name":"Electric Actuated Ball Valves","item":"https:\/\/www.vincervalve.com\/electric-actuated-ball-valves\/"},{"@type":"ListItem","position":3,"name":"Electric Actuated 3-Way Ball Valve Series"}]},{"@type":"WebSite","@id":"https:\/\/www.vincervalve.com\/#website","url":"https:\/\/www.vincervalve.com\/","name":"VINCER Valve","description":"","publisher":{"@id":"https:\/\/www.vincervalve.com\/#organization"},"potentialAction":[{"@type":"SearchAction","target":{"@type":"EntryPoint","urlTemplate":"https:\/\/www.vincervalve.com\/?s={search_term_string}"},"query-input":{"@type":"PropertyValueSpecification","valueRequired":true,"valueName":"search_term_string"}}],"inLanguage":"es"},{"@type":"Organization","@id":"https:\/\/www.vincervalve.com\/#organization","name":"VINCER Valve","url":"https:\/\/www.vincervalve.com\/","logo":{"@type":"ImageObject","inLanguage":"es","@id":"https:\/\/www.vincervalve.com\/#\/schema\/logo\/image\/","url":"https:\/\/www.vincervalve.com\/wp-content\/uploads\/2025\/07\/cropped-\u65b0\u7248\u84ddlogo-\u5f85\u786e\u8ba43.png","contentUrl":"https:\/\/www.vincervalve.com\/wp-content\/uploads\/2025\/07\/cropped-\u65b0\u7248\u84ddlogo-\u5f85\u786e\u8ba43.png","width":1160,"height":270,"caption":"VINCER Valve"},"image":{"@id":"https:\/\/www.vincervalve.com\/#\/schema\/logo\/image\/"}}]}},"_links":{"self":[{"href":"https:\/\/www.vincervalve.com\/es\/wp-json\/wp\/v2\/pages\/12857","targetHints":{"allow":["GET"]}}],"collection":[{"href":"https:\/\/www.vincervalve.com\/es\/wp-json\/wp\/v2\/pages"}],"about":[{"href":"https:\/\/www.vincervalve.com\/es\/wp-json\/wp\/v2\/types\/page"}],"author":[{"embeddable":true,"href":"https:\/\/www.vincervalve.com\/es\/wp-json\/wp\/v2\/users\/1"}],"replies":[{"embeddable":true,"href":"https:\/\/www.vincervalve.com\/es\/wp-json\/wp\/v2\/comments?post=12857"}],"version-history":[{"count":40,"href":"https:\/\/www.vincervalve.com\/es\/wp-json\/wp\/v2\/pages\/12857\/revisions"}],"predecessor-version":[{"id":21987,"href":"https:\/\/www.vincervalve.com\/es\/wp-json\/wp\/v2\/pages\/12857\/revisions\/21987"}],"up":[{"embeddable":true,"href":"https:\/\/www.vincervalve.com\/es\/wp-json\/wp\/v2\/pages\/18584"}],"wp:attachment":[{"href":"https:\/\/www.vincervalve.com\/es\/wp-json\/wp\/v2\/media?parent=12857"}],"wp:term":[{"taxonomy":"category","embeddable":true,"href":"https:\/\/www.vincervalve.com\/es\/wp-json\/wp\/v2\/categories?post=12857"},{"taxonomy":"post_tag","embeddable":true,"href":"https:\/\/www.vincervalve.com\/es\/wp-json\/wp\/v2\/tags?post=12857"}],"curies":[{"name":"wp","href":"https:\/\/api.w.org\/{rel}","templated":true}]}}