{"id":12286,"date":"2023-11-01T07:10:26","date_gmt":"2023-11-01T07:10:26","guid":{"rendered":"https:\/\/www.vincervalve.com\/?page_id=12286"},"modified":"2026-01-09T09:38:06","modified_gmt":"2026-01-09T09:38:06","slug":"electric-actuated-sanitary-ball-valve","status":"publish","type":"page","link":"https:\/\/www.vincervalve.com\/de\/electric-actuated-sanitary-ball-valve\/","title":{"rendered":"Electric Sanitary Ball Valve"},"content":{"rendered":"<div data-elementor-type=\"wp-page\" data-elementor-id=\"12286\" class=\"elementor elementor-12286\" data-elementor-post-type=\"page\">\n\t\t\t\t<div class=\"elementor-element elementor-element-2789017d e-flex e-con-boxed e-con e-parent\" data-id=\"2789017d\" data-element_type=\"container\" data-settings=\"{&quot;background_background&quot;:&quot;classic&quot;}\">\n\t\t\t\t\t<div class=\"e-con-inner\">\n\t\t\t\t<div class=\"elementor-element elementor-element-29b89b2f elementor-widget elementor-widget-heading\" data-id=\"29b89b2f\" data-element_type=\"widget\" data-widget_type=\"heading.default\">\n\t\t\t\t<div class=\"elementor-widget-container\">\n\t\t\t\t\t<h1 class=\"elementor-heading-title elementor-size-default\">Electric Sanitary Ball Valve<\/h1>\t\t\t\t<\/div>\n\t\t\t\t<\/div>\n\t\t\t\t<div class=\"elementor-element elementor-element-35b3cfef elementor-widget__width-initial elementor-widget elementor-widget-text-editor\" data-id=\"35b3cfef\" data-element_type=\"widget\" data-widget_type=\"text-editor.default\">\n\t\t\t\t<div class=\"elementor-widget-container\">\n\t\t\t\t\t\t\t\t\t<strong>VINCER Electric Sanitary Ball Valve<\/strong>\u00a0is crafted from <strong>premium-grade stainless steel<\/strong> with a <strong>high-precision<\/strong>, <strong>gap-free<\/strong> design. This seamless construction ensures maximum cleanliness, simplifies the sterilization process, and minimizes the risk of cross-contamination.\n<br>Fully <strong>FDA<\/strong>-compliant, these valves provide a reliable automated solution for industries with strict sanitary requirements, including <strong>Food &amp; Beverage, Pharmaceuticals, and Biotechnology<\/strong>.\t\t\t\t\t\t\t\t<\/div>\n\t\t\t\t<\/div>\n\t\t\t\t<div class=\"elementor-element elementor-element-16f3cf38 elementor-widget elementor-widget-heading\" data-id=\"16f3cf38\" data-element_type=\"widget\" data-widget_type=\"heading.default\">\n\t\t\t\t<div class=\"elementor-widget-container\">\n\t\t\t\t\t<h3 class=\"elementor-heading-title elementor-size-default\">H\u00f6hepunkte<\/h3>\t\t\t\t<\/div>\n\t\t\t\t<\/div>\n\t\t\t\t<div class=\"elementor-element elementor-element-724056dd elementor-widget__width-initial elementor-widget elementor-widget-text-editor\" data-id=\"724056dd\" data-element_type=\"widget\" data-widget_type=\"text-editor.default\">\n\t\t\t\t<div class=\"elementor-widget-container\">\n\t\t\t\t\t\t\t\t\t<strong>Industrial Hygienic Design:<\/strong> The seamless, crevice-free body ensures superior internal cleanliness and prevents media residue.\n\n<br><strong>Precise Remote Automation:<\/strong> Integrated with high-performance electric actuators for accurate remote control, reducing manual labor while boosting operational efficiency.\n\n<br><strong>Simplified Maintenance:<\/strong> Engineered for easy disassembly and quick cleaning, effectively reducing system downtime and overall maintenance costs.\t\t\t\t\t\t\t\t<\/div>\n\t\t\t\t<\/div>\n\t\t\t\t<div class=\"elementor-element elementor-element-63048d77 animated-slow elementor-invisible elementor-widget elementor-widget-button\" data-id=\"63048d77\" data-element_type=\"widget\" data-settings=\"{&quot;_animation&quot;:&quot;fadeInDown&quot;}\" data-widget_type=\"button.default\">\n\t\t\t\t<div class=\"elementor-widget-container\">\n\t\t\t\t\t\t\t\t\t<div class=\"elementor-button-wrapper\">\n\t\t\t\t\t<a class=\"elementor-button elementor-button-link elementor-size-sm\" href=\"#elementor-action%3Aaction%3Dpopup%3Aopen%26settings%3DeyJpZCI6IjE4Njg4IiwidG9nZ2xlIjpmYWxzZX0%3D\">\n\t\t\t\t\t\t<span class=\"elementor-button-content-wrapper\">\n\t\t\t\t\t\t\t\t\t<span class=\"elementor-button-text\">Kontakt aufnehmen<\/span>\n\t\t\t\t\t<\/span>\n\t\t\t\t\t<\/a>\n\t\t\t\t<\/div>\n\t\t\t\t\t\t\t\t<\/div>\n\t\t\t\t<\/div>\n\t\t\t\t\t<\/div>\n\t\t\t\t<\/div>\n\t\t<div class=\"elementor-element elementor-element-2fdf8066 e-flex e-con-boxed e-con e-parent\" data-id=\"2fdf8066\" data-element_type=\"container\">\n\t\t\t\t\t<div class=\"e-con-inner\">\n\t\t\t\t<div class=\"elementor-element elementor-element-3c0daf7c elementor-widget elementor-widget-pp-breadcrumbs\" data-id=\"3c0daf7c\" data-element_type=\"widget\" data-settings=\"{&quot;breadcrumbs_type&quot;:&quot;powerpack&quot;}\" data-widget_type=\"pp-breadcrumbs.default\">\n\t\t\t\t<div class=\"elementor-widget-container\">\n\t\t\t\t\t<ul class=\"pp-breadcrumbs pp-breadcrumbs-powerpack\">\t\t<li class=\"pp-breadcrumbs-item pp-breadcrumbs-item-home\">\n\t\t\t<a class=\"pp-breadcrumbs-crumb pp-breadcrumbs-crumb-link pp-breadcrumbs-crumb-home\" href=\"https:\/\/www.vincervalve.com\/de\" title=\"Startseite\">\n\t\t\t\t<span class=\"pp-breadcrumbs-text\">\n\t\t\t\t\t\t\t\t\t\tStartseite\t\t\t\t<\/span>\n\t\t\t<\/a>\n\t\t<\/li>\n\t\t<li class=\"pp-breadcrumbs-separator\">\t\t\t\t<span class='pp-separator-icon pp-icon'>\n\t\t\t\t\t<svg aria-hidden=\"true\" class=\"e-font-icon-svg e-fas-angle-right\" viewbox=\"0 0 256 512\" xmlns=\"http:\/\/www.w3.org\/2000\/svg\"><path d=\"M224.3 273l-136 136c-9.4 9.4-24.6 9.4-33.9 0l-22.6-22.6c-9.4-9.4-9.4-24.6 0-33.9l96.4-96.4-96.4-96.4c-9.4-9.4-9.4-24.6 0-33.9L54.3 103c9.4-9.4 24.6-9.4 33.9 0l136 136c9.5 9.4 9.5 24.6.1 34z\"><\/path><\/svg>\t\t\t\t<\/span>\n\t\t\t\t<\/li><\/ul>\t\t\t\t<\/div>\n\t\t\t\t<\/div>\n\t\t\t\t\t<\/div>\n\t\t\t\t<\/div>\n\t\t<div class=\"elementor-element elementor-element-cee5fab e-flex e-con-boxed e-con e-parent\" data-id=\"cee5fab\" data-element_type=\"container\">\n\t\t\t\t\t<div class=\"e-con-inner\">\n\t\t<div class=\"elementor-element elementor-element-2875bbe1 e-con-full e-flex e-con e-child\" data-id=\"2875bbe1\" data-element_type=\"container\">\n\t\t<div class=\"elementor-element elementor-element-5bec33c3 e-grid e-con-full e-con e-child\" data-id=\"5bec33c3\" data-element_type=\"container\">\n\t\t<div class=\"elementor-element elementor-element-7dcff877 e-con-full e-flex e-con e-child\" data-id=\"7dcff877\" data-element_type=\"container\" data-settings=\"{&quot;background_background&quot;:&quot;classic&quot;}\">\n\t\t\t\t<div class=\"elementor-element elementor-element-63dda7a1 elementor-widget elementor-widget-counter\" data-id=\"63dda7a1\" data-element_type=\"widget\" data-widget_type=\"counter.default\">\n\t\t\t\t<div class=\"elementor-widget-container\">\n\t\t\t\t\t\t\t<div class=\"elementor-counter\">\n\t\t\t<div class=\"elementor-counter-title\">Produktionslinie<\/div>\t\t\t<div class=\"elementor-counter-number-wrapper\">\n\t\t\t\t<span class=\"elementor-counter-number-prefix\"><\/span>\n\t\t\t\t<span class=\"elementor-counter-number\" data-duration=\"2000\" data-to-value=\"4\" data-from-value=\"0\" data-delimiter=\",\">0<\/span>\n\t\t\t\t<span class=\"elementor-counter-number-suffix\"><\/span>\n\t\t\t<\/div>\n\t\t<\/div>\n\t\t\t\t\t\t<\/div>\n\t\t\t\t<\/div>\n\t\t\t\t<\/div>\n\t\t<div class=\"elementor-element elementor-element-3f467d6f e-con-full e-flex e-con e-child\" data-id=\"3f467d6f\" data-element_type=\"container\">\n\t\t\t\t<div class=\"elementor-element elementor-element-787d6f04 elementor-widget elementor-widget-counter\" data-id=\"787d6f04\" data-element_type=\"widget\" data-widget_type=\"counter.default\">\n\t\t\t\t<div class=\"elementor-widget-container\">\n\t\t\t\t\t\t\t<div class=\"elementor-counter\">\n\t\t\t<div class=\"elementor-counter-title\">Vollst\u00e4ndige Projekte<\/div>\t\t\t<div class=\"elementor-counter-number-wrapper\">\n\t\t\t\t<span class=\"elementor-counter-number-prefix\"><\/span>\n\t\t\t\t<span class=\"elementor-counter-number\" data-duration=\"2000\" data-to-value=\"800\" data-from-value=\"0\" data-delimiter=\",\">0<\/span>\n\t\t\t\t<span class=\"elementor-counter-number-suffix\">+<\/span>\n\t\t\t<\/div>\n\t\t<\/div>\n\t\t\t\t\t\t<\/div>\n\t\t\t\t<\/div>\n\t\t\t\t<\/div>\n\t\t<div class=\"elementor-element elementor-element-4d5f958a e-con-full e-flex e-con e-child\" data-id=\"4d5f958a\" data-element_type=\"container\">\n\t\t\t\t<div class=\"elementor-element elementor-element-4783af5d elementor-widget elementor-widget-counter\" data-id=\"4783af5d\" data-element_type=\"widget\" data-widget_type=\"counter.default\">\n\t\t\t\t<div class=\"elementor-widget-container\">\n\t\t\t\t\t\t\t<div class=\"elementor-counter\">\n\t\t\t<div class=\"elementor-counter-title\">J\u00e4hrlicher Output<\/div>\t\t\t<div class=\"elementor-counter-number-wrapper\">\n\t\t\t\t<span class=\"elementor-counter-number-prefix\"><\/span>\n\t\t\t\t<span class=\"elementor-counter-number\" data-duration=\"2000\" data-to-value=\"100\" data-from-value=\"0\" data-delimiter=\",\">0<\/span>\n\t\t\t\t<span class=\"elementor-counter-number-suffix\">M<\/span>\n\t\t\t<\/div>\n\t\t<\/div>\n\t\t\t\t\t\t<\/div>\n\t\t\t\t<\/div>\n\t\t\t\t<\/div>\n\t\t<div class=\"elementor-element elementor-element-1dffe06 e-con-full e-flex e-con e-child\" data-id=\"1dffe06\" data-element_type=\"container\" data-settings=\"{&quot;background_background&quot;:&quot;classic&quot;}\">\n\t\t\t\t<div class=\"elementor-element elementor-element-4b0007e7 elementor-widget elementor-widget-counter\" data-id=\"4b0007e7\" data-element_type=\"widget\" data-widget_type=\"counter.default\">\n\t\t\t\t<div class=\"elementor-widget-container\">\n\t\t\t\t\t\t\t<div class=\"elementor-counter\">\n\t\t\t<div class=\"elementor-counter-title\"> m\u00b2 Moderne Fabrik<\/div>\t\t\t<div class=\"elementor-counter-number-wrapper\">\n\t\t\t\t<span class=\"elementor-counter-number-prefix\"><\/span>\n\t\t\t\t<span class=\"elementor-counter-number\" data-duration=\"2000\" data-to-value=\"7200\" data-from-value=\"0\" data-delimiter=\",\">0<\/span>\n\t\t\t\t<span class=\"elementor-counter-number-suffix\"><\/span>\n\t\t\t<\/div>\n\t\t<\/div>\n\t\t\t\t\t\t<\/div>\n\t\t\t\t<\/div>\n\t\t\t\t<\/div>\n\t\t\t\t<\/div>\n\t\t\t\t<\/div>\n\t\t<div class=\"elementor-element elementor-element-7075ded9 e-con-full e-flex e-con e-child\" data-id=\"7075ded9\" data-element_type=\"container\">\n\t\t\t\t<div class=\"elementor-element elementor-element-3cd98512 elementor-widget elementor-widget-heading\" data-id=\"3cd98512\" data-element_type=\"widget\" data-widget_type=\"heading.default\">\n\t\t\t\t<div class=\"elementor-widget-container\">\n\t\t\t\t\t<h2 class=\"elementor-heading-title elementor-size-default\">VINCER Elektrisch bet\u00e4tigte Ventile Hersteller<\/h2>\t\t\t\t<\/div>\n\t\t\t\t<\/div>\n\t\t\t\t<div class=\"elementor-element elementor-element-6e36b247 elementor-widget elementor-widget-text-editor\" data-id=\"6e36b247\" data-element_type=\"widget\" data-widget_type=\"text-editor.default\">\n\t\t\t\t<div class=\"elementor-widget-container\">\n\t\t\t\t\t\t\t\t\t<div data-page-id=\"SKHdd2vDkoZIItx6iBIcgidtnbf\" data-lark-html-role=\"root\" data-docx-has-block-data=\"false\"><div class=\"ace-line ace-line old-record-id-A1zAdYveaoDtJCxF124cvfT4n5f\"><div data-page-id=\"SKHdd2vDkoZIItx6iBIcgidtnbf\" data-lark-html-role=\"root\" data-docx-has-block-data=\"false\"><div class=\"ace-line ace-line old-record-id-A1zAdYveaoDtJCxF124cvfT4n5f\"><p>Wir sind Vincer, eine chinesische Fabrik mit mehr als zehn Jahren Erfahrung in der professionellen Serienfertigung von Ventilen, die sich auf elektrische und pneumatische Hochleistungs-Industrieventile spezialisiert hat.<\/p><p>Wir bieten Ihnen ma\u00dfgeschneiderte L\u00f6sungen auf der Grundlage Ihrer Arbeitsbedingungen, Umgebungsbedingungen, Fl\u00fcssigkeitsanforderungen usw., um Ihre kommerziellen und industriellen Anforderungen zu erf\u00fcllen, und helfen Ihnen, die ideale Ventill\u00f6sung zu finden, um Ihre Herausforderungen bei der Fl\u00fcssigkeitssteuerung mit Pr\u00e4zision und Zuverl\u00e4ssigkeit zu meistern.<\/p><\/div><\/div><\/div><\/div>\t\t\t\t\t\t\t\t<\/div>\n\t\t\t\t<\/div>\n\t\t\t\t<div class=\"elementor-element elementor-element-7e6c7303 elementor-invisible elementor-widget elementor-widget-button\" data-id=\"7e6c7303\" data-element_type=\"widget\" data-settings=\"{&quot;_animation&quot;:&quot;fadeInDown&quot;}\" data-widget_type=\"button.default\">\n\t\t\t\t<div class=\"elementor-widget-container\">\n\t\t\t\t\t\t\t\t\t<div class=\"elementor-button-wrapper\">\n\t\t\t\t\t<a class=\"elementor-button elementor-button-link elementor-size-sm\" href=\"#elementor-action%3Aaction%3Dpopup%3Aopen%26settings%3DeyJpZCI6IjE4Njg4IiwidG9nZ2xlIjpmYWxzZX0%3D\">\n\t\t\t\t\t\t<span class=\"elementor-button-content-wrapper\">\n\t\t\t\t\t\t\t\t\t<span class=\"elementor-button-text\">Jetzt Anfrage senden<\/span>\n\t\t\t\t\t<\/span>\n\t\t\t\t\t<\/a>\n\t\t\t\t<\/div>\n\t\t\t\t\t\t\t\t<\/div>\n\t\t\t\t<\/div>\n\t\t\t\t<\/div>\n\t\t\t\t\t<\/div>\n\t\t\t\t<\/div>\n\t\t\t\t<\/div>","protected":false},"excerpt":{"rendered":"<p>Electric Sanitary Ball Valve VINCER Electric Sanitary Ball Valve\u00a0is crafted from premium-grade stainless steel with a high-precision, gap-free design. This seamless construction ensures maximum cleanliness, simplifies the sterilization process, and [&hellip;]<\/p>","protected":false},"author":1,"featured_media":0,"parent":18584,"menu_order":0,"comment_status":"closed","ping_status":"closed","template":"product-category3.php","meta":{"_acf_changed":false,"site-sidebar-layout":"no-sidebar","site-content-layout":"page-builder","ast-site-content-layout":"full-width-container","site-content-style":"unboxed","site-sidebar-style":"unboxed","ast-global-header-display":"","ast-banner-title-visibility":"","ast-main-header-display":"","ast-hfb-above-header-display":"","ast-hfb-below-header-display":"","ast-hfb-mobile-header-display":"","site-post-title":"","ast-breadcrumbs-content":"disabled","ast-featured-img":"disabled","footer-sml-layout":"","ast-disable-related-posts":"","theme-transparent-header-meta":"default","adv-header-id-meta":"","stick-header-meta":"default","header-above-stick-meta":"","header-main-stick-meta":"","header-below-stick-meta":"","astra-migrate-meta-layouts":"set","ast-page-background-enabled":"default","ast-page-background-meta":{"desktop":{"background-color":"","background-image":"","background-repeat":"repeat","background-position":"center center","background-size":"auto","background-attachment":"scroll","background-type":"","background-media":"","overlay-type":"","overlay-color":"","overlay-opacity":"","overlay-gradient":""},"tablet":{"background-color":"","background-image":"","background-repeat":"repeat","background-position":"center center","background-size":"auto","background-attachment":"scroll","background-type":"","background-media":"","overlay-type":"","overlay-color":"","overlay-opacity":"","overlay-gradient":""},"mobile":{"background-color":"","background-image":"","background-repeat":"repeat","background-position":"center center","background-size":"auto","background-attachment":"scroll","background-type":"","background-media":"","overlay-type":"","overlay-color":"","overlay-opacity":"","overlay-gradient":""}},"ast-content-background-meta":{"desktop":{"background-color":"var(--ast-global-color-5)","background-image":"","background-repeat":"repeat","background-position":"center center","background-size":"auto","background-attachment":"scroll","background-type":"","background-media":"","overlay-type":"","overlay-color":"","overlay-opacity":"","overlay-gradient":""},"tablet":{"background-color":"var(--ast-global-color-5)","background-image":"","background-repeat":"repeat","background-position":"center center","background-size":"auto","background-attachment":"scroll","background-type":"","background-media":"","overlay-type":"","overlay-color":"","overlay-opacity":"","overlay-gradient":""},"mobile":{"background-color":"var(--ast-global-color-5)","background-image":"","background-repeat":"repeat","background-position":"center center","background-size":"auto","background-attachment":"scroll","background-type":"","background-media":"","overlay-type":"","overlay-color":"","overlay-opacity":"","overlay-gradient":""}},"footnotes":""},"categories":[],"tags":[],"class_list":["post-12286","page","type-page","status-publish","hentry"],"acf":[],"yoast_head":"<!-- This site is optimized with the Yoast SEO plugin v25.3.1 - https:\/\/yoast.com\/wordpress\/plugins\/seo\/ -->\n<title>Electric Sanitary Ball Valve - VINCER Valve<\/title>\n<meta name=\"description\" content=\"VINCER&#039;s electric sanitary ball valve for hygienic control. Designed for durability, perfect for sanitary applications. Get quote now!\" \/>\n<meta name=\"robots\" content=\"index, follow, max-snippet:-1, max-image-preview:large, max-video-preview:-1\" \/>\n<link rel=\"canonical\" href=\"https:\/\/www.vincervalve.com\/de\/electric-actuated-sanitary-ball-valve\/\" \/>\n<meta property=\"og:locale\" content=\"de_DE\" \/>\n<meta property=\"og:type\" content=\"article\" \/>\n<meta property=\"og:title\" content=\"Electric Sanitary Ball Valve - VINCER Valve\" \/>\n<meta property=\"og:description\" content=\"VINCER&#039;s electric sanitary ball valve for hygienic control. Designed for durability, perfect for sanitary applications. Get quote now!\" \/>\n<meta property=\"og:url\" content=\"https:\/\/www.vincervalve.com\/de\/electric-actuated-sanitary-ball-valve\/\" \/>\n<meta property=\"og:site_name\" content=\"VINCER Valve\" \/>\n<meta property=\"article:modified_time\" content=\"2026-01-09T09:38:06+00:00\" \/>\n<meta name=\"twitter:card\" content=\"summary_large_image\" \/>\n<meta name=\"twitter:label1\" content=\"Gesch\u00e4tzte Lesezeit\" \/>\n\t<meta name=\"twitter:data1\" content=\"1\u00a0Minute\" \/>\n<script type=\"application\/ld+json\" class=\"yoast-schema-graph\">{\"@context\":\"https:\/\/schema.org\",\"@graph\":[{\"@type\":\"WebPage\",\"@id\":\"https:\/\/www.vincervalve.com\/electric-actuated-sanitary-ball-valve\/\",\"url\":\"https:\/\/www.vincervalve.com\/electric-actuated-sanitary-ball-valve\/\",\"name\":\"Electric Sanitary Ball Valve - VINCER Valve\",\"isPartOf\":{\"@id\":\"https:\/\/www.vincervalve.com\/#website\"},\"datePublished\":\"2023-11-01T07:10:26+00:00\",\"dateModified\":\"2026-01-09T09:38:06+00:00\",\"description\":\"VINCER's electric sanitary ball valve for hygienic control. Designed for durability, perfect for sanitary applications. Get quote now!\",\"breadcrumb\":{\"@id\":\"https:\/\/www.vincervalve.com\/electric-actuated-sanitary-ball-valve\/#breadcrumb\"},\"inLanguage\":\"de\",\"potentialAction\":[{\"@type\":\"ReadAction\",\"target\":[\"https:\/\/www.vincervalve.com\/electric-actuated-sanitary-ball-valve\/\"]}]},{\"@type\":\"BreadcrumbList\",\"@id\":\"https:\/\/www.vincervalve.com\/electric-actuated-sanitary-ball-valve\/#breadcrumb\",\"itemListElement\":[{\"@type\":\"ListItem\",\"position\":1,\"name\":\"Home\",\"item\":\"https:\/\/www.vincervalve.com\/\"},{\"@type\":\"ListItem\",\"position\":2,\"name\":\"Electric Actuated Ball Valves\",\"item\":\"https:\/\/www.vincervalve.com\/electric-actuated-ball-valves\/\"},{\"@type\":\"ListItem\",\"position\":3,\"name\":\"Electric Sanitary Ball Valve\"}]},{\"@type\":\"WebSite\",\"@id\":\"https:\/\/www.vincervalve.com\/#website\",\"url\":\"https:\/\/www.vincervalve.com\/\",\"name\":\"VINCER Valve\",\"description\":\"\",\"publisher\":{\"@id\":\"https:\/\/www.vincervalve.com\/#organization\"},\"potentialAction\":[{\"@type\":\"SearchAction\",\"target\":{\"@type\":\"EntryPoint\",\"urlTemplate\":\"https:\/\/www.vincervalve.com\/?s={search_term_string}\"},\"query-input\":{\"@type\":\"PropertyValueSpecification\",\"valueRequired\":true,\"valueName\":\"search_term_string\"}}],\"inLanguage\":\"de\"},{\"@type\":\"Organization\",\"@id\":\"https:\/\/www.vincervalve.com\/#organization\",\"name\":\"VINCER Valve\",\"url\":\"https:\/\/www.vincervalve.com\/\",\"logo\":{\"@type\":\"ImageObject\",\"inLanguage\":\"de\",\"@id\":\"https:\/\/www.vincervalve.com\/#\/schema\/logo\/image\/\",\"url\":\"https:\/\/www.vincervalve.com\/wp-content\/uploads\/2025\/07\/cropped-\u65b0\u7248\u84ddlogo-\u5f85\u786e\u8ba43.png\",\"contentUrl\":\"https:\/\/www.vincervalve.com\/wp-content\/uploads\/2025\/07\/cropped-\u65b0\u7248\u84ddlogo-\u5f85\u786e\u8ba43.png\",\"width\":1160,\"height\":270,\"caption\":\"VINCER Valve\"},\"image\":{\"@id\":\"https:\/\/www.vincervalve.com\/#\/schema\/logo\/image\/\"}}]}<\/script>\n<!-- \/ Yoast SEO plugin. -->","yoast_head_json":{"title":"Electric Sanitary Ball Valve - VINCER Valve","description":"VINCER's electric sanitary ball valve for hygienic control. Designed for durability, perfect for sanitary applications. Get quote now!","robots":{"index":"index","follow":"follow","max-snippet":"max-snippet:-1","max-image-preview":"max-image-preview:large","max-video-preview":"max-video-preview:-1"},"canonical":"https:\/\/www.vincervalve.com\/de\/electric-actuated-sanitary-ball-valve\/","og_locale":"de_DE","og_type":"article","og_title":"Electric Sanitary Ball Valve - VINCER Valve","og_description":"VINCER's electric sanitary ball valve for hygienic control. Designed for durability, perfect for sanitary applications. Get quote now!","og_url":"https:\/\/www.vincervalve.com\/de\/electric-actuated-sanitary-ball-valve\/","og_site_name":"VINCER Valve","article_modified_time":"2026-01-09T09:38:06+00:00","twitter_card":"summary_large_image","twitter_misc":{"Gesch\u00e4tzte Lesezeit":"1\u00a0Minute"},"schema":{"@context":"https:\/\/schema.org","@graph":[{"@type":"WebPage","@id":"https:\/\/www.vincervalve.com\/electric-actuated-sanitary-ball-valve\/","url":"https:\/\/www.vincervalve.com\/electric-actuated-sanitary-ball-valve\/","name":"Electric Sanitary Ball Valve - VINCER Valve","isPartOf":{"@id":"https:\/\/www.vincervalve.com\/#website"},"datePublished":"2023-11-01T07:10:26+00:00","dateModified":"2026-01-09T09:38:06+00:00","description":"VINCER's electric sanitary ball valve for hygienic control. Designed for durability, perfect for sanitary applications. Get quote now!","breadcrumb":{"@id":"https:\/\/www.vincervalve.com\/electric-actuated-sanitary-ball-valve\/#breadcrumb"},"inLanguage":"de","potentialAction":[{"@type":"ReadAction","target":["https:\/\/www.vincervalve.com\/electric-actuated-sanitary-ball-valve\/"]}]},{"@type":"BreadcrumbList","@id":"https:\/\/www.vincervalve.com\/electric-actuated-sanitary-ball-valve\/#breadcrumb","itemListElement":[{"@type":"ListItem","position":1,"name":"Home","item":"https:\/\/www.vincervalve.com\/"},{"@type":"ListItem","position":2,"name":"Electric Actuated Ball Valves","item":"https:\/\/www.vincervalve.com\/electric-actuated-ball-valves\/"},{"@type":"ListItem","position":3,"name":"Electric Sanitary Ball Valve"}]},{"@type":"WebSite","@id":"https:\/\/www.vincervalve.com\/#website","url":"https:\/\/www.vincervalve.com\/","name":"VINCER Valve","description":"","publisher":{"@id":"https:\/\/www.vincervalve.com\/#organization"},"potentialAction":[{"@type":"SearchAction","target":{"@type":"EntryPoint","urlTemplate":"https:\/\/www.vincervalve.com\/?s={search_term_string}"},"query-input":{"@type":"PropertyValueSpecification","valueRequired":true,"valueName":"search_term_string"}}],"inLanguage":"de"},{"@type":"Organization","@id":"https:\/\/www.vincervalve.com\/#organization","name":"VINCER Valve","url":"https:\/\/www.vincervalve.com\/","logo":{"@type":"ImageObject","inLanguage":"de","@id":"https:\/\/www.vincervalve.com\/#\/schema\/logo\/image\/","url":"https:\/\/www.vincervalve.com\/wp-content\/uploads\/2025\/07\/cropped-\u65b0\u7248\u84ddlogo-\u5f85\u786e\u8ba43.png","contentUrl":"https:\/\/www.vincervalve.com\/wp-content\/uploads\/2025\/07\/cropped-\u65b0\u7248\u84ddlogo-\u5f85\u786e\u8ba43.png","width":1160,"height":270,"caption":"VINCER Valve"},"image":{"@id":"https:\/\/www.vincervalve.com\/#\/schema\/logo\/image\/"}}]}},"_links":{"self":[{"href":"https:\/\/www.vincervalve.com\/de\/wp-json\/wp\/v2\/pages\/12286","targetHints":{"allow":["GET"]}}],"collection":[{"href":"https:\/\/www.vincervalve.com\/de\/wp-json\/wp\/v2\/pages"}],"about":[{"href":"https:\/\/www.vincervalve.com\/de\/wp-json\/wp\/v2\/types\/page"}],"author":[{"embeddable":true,"href":"https:\/\/www.vincervalve.com\/de\/wp-json\/wp\/v2\/users\/1"}],"replies":[{"embeddable":true,"href":"https:\/\/www.vincervalve.com\/de\/wp-json\/wp\/v2\/comments?post=12286"}],"version-history":[{"count":37,"href":"https:\/\/www.vincervalve.com\/de\/wp-json\/wp\/v2\/pages\/12286\/revisions"}],"predecessor-version":[{"id":21862,"href":"https:\/\/www.vincervalve.com\/de\/wp-json\/wp\/v2\/pages\/12286\/revisions\/21862"}],"up":[{"embeddable":true,"href":"https:\/\/www.vincervalve.com\/de\/wp-json\/wp\/v2\/pages\/18584"}],"wp:attachment":[{"href":"https:\/\/www.vincervalve.com\/de\/wp-json\/wp\/v2\/media?parent=12286"}],"wp:term":[{"taxonomy":"category","embeddable":true,"href":"https:\/\/www.vincervalve.com\/de\/wp-json\/wp\/v2\/categories?post=12286"},{"taxonomy":"post_tag","embeddable":true,"href":"https:\/\/www.vincervalve.com\/de\/wp-json\/wp\/v2\/tags?post=12286"}],"curies":[{"name":"wp","href":"https:\/\/api.w.org\/{rel}","templated":true}]}}